{"id":905,"date":"2022-03-18T13:47:18","date_gmt":"2022-03-18T13:47:18","guid":{"rendered":"https:\/\/brandplace.de\/?page_id=905"},"modified":"2023-01-25T14:15:19","modified_gmt":"2023-01-25T14:15:19","slug":"imprint","status":"publish","type":"page","link":"https:\/\/brandplace.de\/en\/imprint\/","title":{"rendered":"Imprint"},"content":{"rendered":"<p>[et_pb_section fb_built=&#8221;1&#8243; fullwidth=&#8221;on&#8221; _builder_version=&#8221;4.16&#8243; _module_preset=&#8221;default&#8221; global_colors_info=&#8221;{}&#8221;][et_pb_fullwidth_image src=&#8221;https:\/\/brandplace.de\/wp-content\/uploads\/2023\/01\/brandplace-mediagentur_top-min.jpg&#8221; alt=&#8221;Brandplace Mediaagentur&#8221; title_text=&#8221;brandplace-mediagentur_top-min&#8221; _builder_version=&#8221;4.19.4&#8243; _module_preset=&#8221;default&#8221; hover_enabled=&#8221;0&#8243; global_colors_info=&#8221;{}&#8221; sticky_enabled=&#8221;0&#8243;][\/et_pb_fullwidth_image][\/et_pb_section][et_pb_section fb_built=&#8221;1&#8243; _builder_version=&#8221;4.16&#8243; _module_preset=&#8221;default&#8221; global_colors_info=&#8221;{}&#8221;][et_pb_row _builder_version=&#8221;4.16&#8243; _module_preset=&#8221;default&#8221; global_colors_info=&#8221;{}&#8221;][et_pb_column type=&#8221;4_4&#8243; _builder_version=&#8221;4.16&#8243; _module_preset=&#8221;default&#8221; global_colors_info=&#8221;{}&#8221;][et_pb_text _builder_version=&#8221;4.18.0&#8243; _module_preset=&#8221;default&#8221; header_font=&#8221;Open Sans||||||||&#8221; header_text_color=&#8221;#FFFFFF&#8221; header_font_size=&#8221;26px&#8221; header_font_size_tablet=&#8221;26px&#8221; header_font_size_phone=&#8221;20px&#8221; header_font_size_last_edited=&#8221;on|phone&#8221; global_colors_info=&#8221;{}&#8221;]<\/p>\n<h1 class=\"headline\">Imprint<\/h1>\n<p>[\/et_pb_text][\/et_pb_column][\/et_pb_row][et_pb_row _builder_version=&#8221;4.17.4&#8243; _module_preset=&#8221;default&#8221; custom_margin=&#8221;0px||||false|false&#8221; custom_padding=&#8221;0px||||false|false&#8221; global_colors_info=&#8221;{}&#8221;][et_pb_column type=&#8221;4_4&#8243; _builder_version=&#8221;4.16&#8243; _module_preset=&#8221;default&#8221; global_colors_info=&#8221;{}&#8221;][et_pb_text _builder_version=&#8221;4.18.0&#8243; _module_preset=&#8221;default&#8221; global_colors_info=&#8221;{}&#8221;]<\/p>\n<h3>Information pursuant to Sect. 5 German Telemedia Act (TMG)<\/h3>\n<p>Brandplace GmbH<br \/>Brettener Stra\u00dfe 2a<br \/>80939 M\u00fcnchen, Germany<\/p>\n<p>Commercial Register: HRB272808<br \/>Registration court: Amtsgericht M\u00fcnchen<\/p>\n<p><strong>Represented by:<\/strong><br \/>Sandra Freisinger-Heinl<\/p>\n<h3>Contact<\/h3>\n<p>Phone: +49-89-32385671<br \/>E-mail: office@brandplace.de<\/p>\n<h3>VAT ID<\/h3>\n<p>Sales tax identification number according to Sect. 27 a of the Sales Tax Law:<br \/>DE351016709<\/p>\n<h3>Information regarding professional liability insurance<\/h3>\n<p><strong>Name and registered office of the insurer:<\/strong><br \/>Allianz Agentur Thomas Kleiner<br \/>Bahnhofstr. 15<br \/>85774 Unterf\u00f6hring<\/p>\n<p><strong>Scope of insurance:<\/strong><br \/>Europa<\/p>\n<h3>Person responsible for editorial<\/h3>\n<p>Brandplace GmbH<br \/>Brettener Stra\u00dfe 2<br \/>80939 M\u00fcnchen, Germany<\/p>\n<h3>EU dispute resolution<\/h3>\n<p>The European Commission provides a platform for online dispute resolution (ODR): <a href=\"https:\/\/ec.europa.eu\/consumers\/odr\/\" target=\"_blank\" rel=\"noopener noreferrer\">https:\/\/ec.europa.eu\/consumers\/odr\/<\/a>.<br \/>Our e-mail address can be found above in the site notice.<\/p>\n<h3>Dispute resolution proceedings in front of a consumer arbitration board<\/h3>\n<p>We are not willing or obliged to participate in dispute resolution proceedings in front of a consumer arbitration board.<\/p>\n<p>Use under licence:<br \/>iStockPhoto: kentoh, hocus-focus, georgeklerk<br \/>Shutterstock: Dimitry Kakinovsky, AlessandroBiascioli, Supamotion, ImageFlow<\/p>\n<p>[\/et_pb_text][\/et_pb_column][\/et_pb_row][\/et_pb_section]<\/p>\n","protected":false},"excerpt":{"rendered":"<p>ImprintInformation pursuant to Sect. 5 German Telemedia Act (TMG) Brandplace GmbHBrettener Stra\u00dfe 2a80939 M\u00fcnchen, Germany Commercial Register: HRB272808Registration court: Amtsgericht M\u00fcnchen Represented by:Sandra Freisinger-Heinl Contact Phone: +49-89-32385671E-mail: office@brandplace.de VAT ID Sales tax identification number according to Sect. 27 a of the Sales Tax Law:DE351016709 Information regarding professional liability insurance Name and registered office of the [&hellip;]<\/p>\n","protected":false},"author":1,"featured_media":0,"parent":0,"menu_order":0,"comment_status":"closed","ping_status":"closed","template":"","meta":{"_et_pb_use_builder":"on","_et_pb_old_content":"<p>[et_pb_section fb_built=\"1\" fullwidth=\"on\" _builder_version=\"4.16\" _module_preset=\"default\" global_colors_info=\"{}\"][et_pb_fullwidth_image src=\"https:\/\/brandplace.de\/wp-content\/uploads\/2022\/06\/topheader-brandplace-sub-min.jpg\" alt=\"brandplace Mediaagentur\" title_text=\"brandplace Mediaagentur\" _builder_version=\"4.17.4\" _module_preset=\"default\" global_colors_info=\"{}\"][\/et_pb_fullwidth_image][\/et_pb_section][et_pb_section fb_built=\"1\" _builder_version=\"4.16\" _module_preset=\"default\" global_colors_info=\"{}\"][et_pb_row _builder_version=\"4.16\" _module_preset=\"default\" global_colors_info=\"{}\"][et_pb_column type=\"4_4\" _builder_version=\"4.16\" _module_preset=\"default\" global_colors_info=\"{}\"][et_pb_text _builder_version=\"4.17.4\" _module_preset=\"default\" header_font=\"Open Sans||||||||\" header_text_color=\"#FFFFFF\" header_font_size=\"26px\" header_font_size_tablet=\"26px\" header_font_size_phone=\"20px\" header_font_size_last_edited=\"on|phone\" global_colors_info=\"{}\"]<\/p><h1 class=\"headline\">Impressum<\/h1><p>[\/et_pb_text][\/et_pb_column][\/et_pb_row][et_pb_row _builder_version=\"4.17.4\" _module_preset=\"default\" custom_margin=\"0px||||false|false\" custom_padding=\"0px||||false|false\" global_colors_info=\"{}\"][et_pb_column type=\"4_4\" _builder_version=\"4.16\" _module_preset=\"default\" global_colors_info=\"{}\"][et_pb_text _builder_version=\"4.17.4\" _module_preset=\"default\" hover_enabled=\"0\" global_colors_info=\"{}\" sticky_enabled=\"0\"]<\/p><h3>Angaben gem\u00e4\u00df \u00a7 5 TMG<\/h3><p>Brandplace GmbH<br \/>Brettener Stra\u00dfe 2a<br \/>80939 M\u00fcnchen, Germany<\/p><p>Handelsregister: HRB272808<br \/>Registergericht: Amtsgericht M\u00fcnchen<\/p><p><strong>Vertreten durch:<\/strong><br \/>Sandra Freisinger-Heinl<\/p><h3>Kontakt<\/h3><p>Telefon: +49-89-32385671<br \/>E-Mail: office@brandplace.de<\/p><h3>Umsatzsteuer-ID<\/h3><p>Umsatzsteuer-Identifikationsnummer gem\u00e4\u00df \u00a7 27 a Umsatzsteuergesetz:<br \/>DE351016709<\/p><h3>Angaben zur Berufs\u00adhaftpflicht\u00adversicherung<\/h3><p><strong>Name und Sitz des Versicherers:<\/strong><br \/>Allianz Agentur Thomas Kleiner<br \/>Bahnhofstr. 15<br \/>85774 Unterf\u00f6hring<\/p><p><strong>Geltungsraum der Versicherung:<\/strong><br \/>Europa<\/p><h3>Redaktionell verantwortlich<\/h3><p>Brandplace GmbH<br \/>Brettener Stra\u00dfe 2<br \/>80939 M\u00fcnchen, Germany<\/p><h3>EU-Streitschlichtung<\/h3><p>Die Europ\u00e4ische Kommission stellt eine Plattform zur Online-Streitbeilegung (OS) bereit: <a href=\"https:\/\/ec.europa.eu\/consumers\/odr\/\" target=\"_blank\" rel=\"noopener noreferrer\">https:\/\/ec.europa.eu\/consumers\/odr\/<\/a>.<br \/>Unsere E-Mail-Adresse finden Sie oben im Impressum.<\/p><h3>Verbraucher\u00adstreit\u00adbeilegung\/Universal\u00adschlichtungs\u00adstelle<\/h3><p>Wir sind nicht bereit oder verpflichtet, an Streitbeilegungsverfahren vor einer Verbraucherschlichtungsstelle teilzunehmen.<\/p><p>Benutzung unter Lizenz:<br \/>iStockPhoto: kentoh, hocus-focus, georgeklerk<br \/>Shutterstock: Dimitry Kakinovsky, AlessandroBiascioli, Supamotion, ImageFlow<\/p><p>[\/et_pb_text][\/et_pb_column][\/et_pb_row][\/et_pb_section]<\/p>","_et_gb_content_width":"","inline_featured_image":false,"footnotes":""},"class_list":["post-905","page","type-page","status-publish","hentry"],"yoast_head":"<!-- This site is optimized with the Yoast SEO plugin v22.6 - https:\/\/yoast.com\/wordpress\/plugins\/seo\/ -->\n<title>Brandplace GmbH Munich | Imprint<\/title>\n<meta name=\"robots\" content=\"index, follow, max-snippet:-1, max-image-preview:large, max-video-preview:-1\" \/>\n<link rel=\"canonical\" href=\"https:\/\/brandplace.de\/en\/imprint\/\" \/>\n<meta property=\"og:locale\" content=\"en_US\" \/>\n<meta property=\"og:type\" content=\"article\" \/>\n<meta property=\"og:title\" content=\"Brandplace GmbH Munich | Imprint\" \/>\n<meta property=\"og:description\" content=\"ImprintInformation pursuant to Sect. 5 German Telemedia Act (TMG) Brandplace GmbHBrettener Stra\u00dfe 2a80939 M\u00fcnchen, Germany Commercial Register: HRB272808Registration court: Amtsgericht M\u00fcnchen Represented by:Sandra Freisinger-Heinl Contact Phone: +49-89-32385671E-mail: office@brandplace.de VAT ID Sales tax identification number according to Sect. 27 a of the Sales Tax Law:DE351016709 Information regarding professional liability insurance Name and registered office of the [&hellip;]\" \/>\n<meta property=\"og:url\" content=\"https:\/\/brandplace.de\/en\/imprint\/\" \/>\n<meta property=\"og:site_name\" content=\"Brandplace\" \/>\n<meta property=\"article:modified_time\" content=\"2023-01-25T14:15:19+00:00\" \/>\n<meta name=\"twitter:card\" content=\"summary_large_image\" \/>\n<meta name=\"twitter:label1\" content=\"Est. reading time\" \/>\n\t<meta name=\"twitter:data1\" content=\"2 minutes\" \/>\n<script type=\"application\/ld+json\" class=\"yoast-schema-graph\">{\"@context\":\"https:\/\/schema.org\",\"@graph\":[{\"@type\":\"WebPage\",\"@id\":\"https:\/\/brandplace.de\/en\/imprint\/\",\"url\":\"https:\/\/brandplace.de\/en\/imprint\/\",\"name\":\"Brandplace GmbH Munich | Imprint\",\"isPartOf\":{\"@id\":\"https:\/\/brandplace.de\/#website\"},\"datePublished\":\"2022-03-18T13:47:18+00:00\",\"dateModified\":\"2023-01-25T14:15:19+00:00\",\"breadcrumb\":{\"@id\":\"https:\/\/brandplace.de\/en\/imprint\/#breadcrumb\"},\"inLanguage\":\"en-US\",\"potentialAction\":[{\"@type\":\"ReadAction\",\"target\":[\"https:\/\/brandplace.de\/en\/imprint\/\"]}]},{\"@type\":\"BreadcrumbList\",\"@id\":\"https:\/\/brandplace.de\/en\/imprint\/#breadcrumb\",\"itemListElement\":[{\"@type\":\"ListItem\",\"position\":1,\"name\":\"Startseite\",\"item\":\"https:\/\/brandplace.de\/en\/\"},{\"@type\":\"ListItem\",\"position\":2,\"name\":\"Imprint\"}]},{\"@type\":\"WebSite\",\"@id\":\"https:\/\/brandplace.de\/#website\",\"url\":\"https:\/\/brandplace.de\/\",\"name\":\"Brandplace\",\"description\":\"Wir emotionalisieren wir Ihre Marke auf allen Screens\",\"potentialAction\":[{\"@type\":\"SearchAction\",\"target\":{\"@type\":\"EntryPoint\",\"urlTemplate\":\"https:\/\/brandplace.de\/?s={search_term_string}\"},\"query-input\":\"required name=search_term_string\"}],\"inLanguage\":\"en-US\"}]}<\/script>\n<!-- \/ Yoast SEO plugin. -->","yoast_head_json":{"title":"Brandplace GmbH Munich | Imprint","robots":{"index":"index","follow":"follow","max-snippet":"max-snippet:-1","max-image-preview":"max-image-preview:large","max-video-preview":"max-video-preview:-1"},"canonical":"https:\/\/brandplace.de\/en\/imprint\/","og_locale":"en_US","og_type":"article","og_title":"Brandplace GmbH Munich | Imprint","og_description":"ImprintInformation pursuant to Sect. 5 German Telemedia Act (TMG) Brandplace GmbHBrettener Stra\u00dfe 2a80939 M\u00fcnchen, Germany Commercial Register: HRB272808Registration court: Amtsgericht M\u00fcnchen Represented by:Sandra Freisinger-Heinl Contact Phone: +49-89-32385671E-mail: office@brandplace.de VAT ID Sales tax identification number according to Sect. 27 a of the Sales Tax Law:DE351016709 Information regarding professional liability insurance Name and registered office of the [&hellip;]","og_url":"https:\/\/brandplace.de\/en\/imprint\/","og_site_name":"Brandplace","article_modified_time":"2023-01-25T14:15:19+00:00","twitter_card":"summary_large_image","twitter_misc":{"Est. reading time":"2 minutes"},"schema":{"@context":"https:\/\/schema.org","@graph":[{"@type":"WebPage","@id":"https:\/\/brandplace.de\/en\/imprint\/","url":"https:\/\/brandplace.de\/en\/imprint\/","name":"Brandplace GmbH Munich | Imprint","isPartOf":{"@id":"https:\/\/brandplace.de\/#website"},"datePublished":"2022-03-18T13:47:18+00:00","dateModified":"2023-01-25T14:15:19+00:00","breadcrumb":{"@id":"https:\/\/brandplace.de\/en\/imprint\/#breadcrumb"},"inLanguage":"en-US","potentialAction":[{"@type":"ReadAction","target":["https:\/\/brandplace.de\/en\/imprint\/"]}]},{"@type":"BreadcrumbList","@id":"https:\/\/brandplace.de\/en\/imprint\/#breadcrumb","itemListElement":[{"@type":"ListItem","position":1,"name":"Startseite","item":"https:\/\/brandplace.de\/en\/"},{"@type":"ListItem","position":2,"name":"Imprint"}]},{"@type":"WebSite","@id":"https:\/\/brandplace.de\/#website","url":"https:\/\/brandplace.de\/","name":"Brandplace","description":"Wir emotionalisieren wir Ihre Marke auf allen Screens","potentialAction":[{"@type":"SearchAction","target":{"@type":"EntryPoint","urlTemplate":"https:\/\/brandplace.de\/?s={search_term_string}"},"query-input":"required name=search_term_string"}],"inLanguage":"en-US"}]}},"_links":{"self":[{"href":"https:\/\/brandplace.de\/en\/wp-json\/wp\/v2\/pages\/905","targetHints":{"allow":["GET"]}}],"collection":[{"href":"https:\/\/brandplace.de\/en\/wp-json\/wp\/v2\/pages"}],"about":[{"href":"https:\/\/brandplace.de\/en\/wp-json\/wp\/v2\/types\/page"}],"author":[{"embeddable":true,"href":"https:\/\/brandplace.de\/en\/wp-json\/wp\/v2\/users\/1"}],"replies":[{"embeddable":true,"href":"https:\/\/brandplace.de\/en\/wp-json\/wp\/v2\/comments?post=905"}],"version-history":[{"count":6,"href":"https:\/\/brandplace.de\/en\/wp-json\/wp\/v2\/pages\/905\/revisions"}],"predecessor-version":[{"id":1077,"href":"https:\/\/brandplace.de\/en\/wp-json\/wp\/v2\/pages\/905\/revisions\/1077"}],"wp:attachment":[{"href":"https:\/\/brandplace.de\/en\/wp-json\/wp\/v2\/media?parent=905"}],"curies":[{"name":"wp","href":"https:\/\/api.w.org\/{rel}","templated":true}]}}