{"id":897,"date":"2022-08-11T13:50:45","date_gmt":"2022-08-11T13:50:45","guid":{"rendered":"https:\/\/brandplace.de\/?page_id=897"},"modified":"2023-01-25T14:17:40","modified_gmt":"2023-01-25T14:17:40","slug":"references","status":"publish","type":"page","link":"https:\/\/brandplace.de\/en\/references\/","title":{"rendered":"References"},"content":{"rendered":"<p>[et_pb_section fb_built=&#8221;1&#8243; fullwidth=&#8221;on&#8221; _builder_version=&#8221;4.16&#8243; _module_preset=&#8221;default&#8221; global_colors_info=&#8221;{}&#8221;][et_pb_fullwidth_image src=&#8221;https:\/\/brandplace.de\/wp-content\/uploads\/2023\/01\/brandplace-mediagentur_top-min.jpg&#8221; alt=&#8221;Brandplace Mediaagentur&#8221; title_text=&#8221;brandplace-mediagentur_top-min&#8221; _builder_version=&#8221;4.19.4&#8243; _module_preset=&#8221;default&#8221; hover_enabled=&#8221;0&#8243; global_colors_info=&#8221;{}&#8221; sticky_enabled=&#8221;0&#8243;][\/et_pb_fullwidth_image][\/et_pb_section][et_pb_section fb_built=&#8221;1&#8243; _builder_version=&#8221;4.17.4&#8243; _module_preset=&#8221;default&#8221; global_colors_info=&#8221;{}&#8221;][et_pb_row _builder_version=&#8221;4.17.4&#8243; _module_preset=&#8221;default&#8221; global_colors_info=&#8221;{}&#8221;][et_pb_column type=&#8221;4_4&#8243; _builder_version=&#8221;4.17.4&#8243; _module_preset=&#8221;default&#8221; global_colors_info=&#8221;{}&#8221;][et_pb_text _builder_version=&#8221;4.18.0&#8243; _module_preset=&#8221;default&#8221; header_font=&#8221;Open Sans||||||||&#8221; header_text_color=&#8221;#FFFFFF&#8221; header_font_size=&#8221;26px&#8221; header_line_height=&#8221;1.4em&#8221; header_font_size_tablet=&#8221;26px&#8221; header_font_size_phone=&#8221;20px&#8221; header_font_size_last_edited=&#8221;on|phone&#8221; global_colors_info=&#8221;{}&#8221;]<\/p>\n<h1 class=\"headline\">References<\/h1>\n<p>[\/et_pb_text][\/et_pb_column][\/et_pb_row][et_pb_row column_structure=&#8221;3_4,1_4&#8243; _builder_version=&#8221;4.17.4&#8243; _module_preset=&#8221;default&#8221; custom_margin=&#8221;0px||||false|false&#8221; custom_padding=&#8221;0px||||false|false&#8221; global_colors_info=&#8221;{}&#8221;][et_pb_column type=&#8221;3_4&#8243; _builder_version=&#8221;4.17.4&#8243; _module_preset=&#8221;default&#8221; global_colors_info=&#8221;{}&#8221;][et_pb_text _builder_version=&#8221;4.18.0&#8243; _module_preset=&#8221;default&#8221; global_colors_info=&#8221;{}&#8221;]<\/p>\n<p><em>\u201eMrs. Freisinger has supported us in the last few years with the topic of product placement, she stands for: Commitment, reliability, confidentiality as well as success.\u201c<\/em><\/p>\n<p><strong>Andreas Br\u00fcsch, Volkswagen Germany GmbH &amp; Co. KG, Volkswagen Football Center, Sponsoring \/ Product Placement &amp; DFB<\/strong><\/p>\n<p>[\/et_pb_text][\/et_pb_column][et_pb_column type=&#8221;1_4&#8243; _builder_version=&#8221;4.17.4&#8243; _module_preset=&#8221;default&#8221; global_colors_info=&#8221;{}&#8221;][et_pb_image src=&#8221;https:\/\/brandplace.de\/wp-content\/uploads\/2022\/09\/vw_100x150.jpg&#8221; alt=&#8221;VW&#8221; title_text=&#8221;vw_100x150&#8243; _builder_version=&#8221;4.18.0&#8243; _module_preset=&#8221;default&#8221; global_colors_info=&#8221;{}&#8221;][\/et_pb_image][\/et_pb_column][\/et_pb_row][et_pb_row column_structure=&#8221;3_4,1_4&#8243; _builder_version=&#8221;4.17.4&#8243; _module_preset=&#8221;default&#8221; custom_margin=&#8221;0px||||false|false&#8221; custom_padding=&#8221;0px||||false|false&#8221; global_colors_info=&#8221;{}&#8221;][et_pb_column type=&#8221;3_4&#8243; _builder_version=&#8221;4.17.4&#8243; _module_preset=&#8221;default&#8221; global_colors_info=&#8221;{}&#8221;][et_pb_text _builder_version=&#8221;4.18.0&#8243; _module_preset=&#8221;default&#8221; global_colors_info=&#8221;{}&#8221;]<\/p>\n<p><em>\u201eSandra supported us with the creative placement of our brand at YouTopia. Thanks to her open manner, we were quickly able to brainstorm some suitable possibilities for us as the main sponsor, e.g. the climate-neutral livestream, the science talk and the energy challenge. We were very satisfied with the implementation, the overall result, the reach and the impact. Sandra accompanied this process profitably with her know-how.\u201c<\/em><\/p>\n<p><strong>Marion Feichtinger, E.ON Germany, Senior Social Media &amp; Content Marketing Manager<\/strong><\/p>\n<p>[\/et_pb_text][\/et_pb_column][et_pb_column type=&#8221;1_4&#8243; _builder_version=&#8221;4.17.4&#8243; _module_preset=&#8221;default&#8221; global_colors_info=&#8221;{}&#8221;][et_pb_image src=&#8221;https:\/\/brandplace.de\/wp-content\/uploads\/2022\/09\/eon_100x150.jpg&#8221; alt=&#8221;VW&#8221; title_text=&#8221;eon_100x150&#8243; _builder_version=&#8221;4.18.0&#8243; _module_preset=&#8221;default&#8221; global_colors_info=&#8221;{}&#8221;][\/et_pb_image][\/et_pb_column][\/et_pb_row][et_pb_row column_structure=&#8221;3_4,1_4&#8243; _builder_version=&#8221;4.17.4&#8243; _module_preset=&#8221;default&#8221; custom_margin=&#8221;0px||||false|false&#8221; custom_padding=&#8221;0px||||false|false&#8221; global_colors_info=&#8221;{}&#8221;][et_pb_column type=&#8221;3_4&#8243; _builder_version=&#8221;4.17.4&#8243; _module_preset=&#8221;default&#8221; global_colors_info=&#8221;{}&#8221;][et_pb_text _builder_version=&#8221;4.18.0&#8243; _module_preset=&#8221;default&#8221; global_colors_info=&#8221;{}&#8221;]<\/p>\n<p><em>&#8220;We worked with Sandra Freisinger-Heinl on the &#8216;Krass Klassenfahrt&#8217; project. She was instrumental in the placement of our brand &#8216;Tequila Sierra&#8217;. Her knowledge in dovetailing campaigns with product placements, content and social media was extremely helpful and led to a successful implementation.&#8221;<\/em><\/p>\n<p><strong>Philipp Stahl, Senior Brand Manager, Borco-Marken-Import Matthiesen GmbH &amp; Co. KG<\/strong><\/p>\n<p>[\/et_pb_text][\/et_pb_column][et_pb_column type=&#8221;1_4&#8243; _builder_version=&#8221;4.17.4&#8243; _module_preset=&#8221;default&#8221; global_colors_info=&#8221;{}&#8221;][et_pb_image src=&#8221;https:\/\/brandplace.de\/wp-content\/uploads\/2022\/09\/borco_100x150.jpg&#8221; alt=&#8221;BORCO&#8221; title_text=&#8221;borco_100x150&#8243; _builder_version=&#8221;4.18.0&#8243; _module_preset=&#8221;default&#8221; global_colors_info=&#8221;{}&#8221;][\/et_pb_image][\/et_pb_column][\/et_pb_row][et_pb_row column_structure=&#8221;3_4,1_4&#8243; _builder_version=&#8221;4.17.4&#8243; _module_preset=&#8221;default&#8221; custom_margin=&#8221;0px||||false|false&#8221; custom_padding=&#8221;0px||||false|false&#8221; global_colors_info=&#8221;{}&#8221;][et_pb_column type=&#8221;3_4&#8243; _builder_version=&#8221;4.17.4&#8243; _module_preset=&#8221;default&#8221; global_colors_info=&#8221;{}&#8221;][et_pb_text _builder_version=&#8221;4.18.0&#8243; _module_preset=&#8221;default&#8221; global_colors_info=&#8221;{}&#8221;]<\/p>\n<p><em>\u201eMrs. Freisinger-Heinl achieved the intended goals and thus contributed significantly to the success of Pfanner Pure Tea in Germany. Already at the beginning of her employment she convinced us with her flexibility and her communicative open manner and was able to systematically respond to special requirements. For these reasons, we consider Mrs Freisinger-Heinl to be very qualified as a service provider for media and PR and would like to recommend her to potential clients without reservations.&#8221;<\/em><\/p>\n<p><strong>Hans Lanzinger, Managing Director, Pfanner Getr\u00e4nke GmbH Austria<\/strong><\/p>\n<p>[\/et_pb_text][\/et_pb_column][et_pb_column type=&#8221;1_4&#8243; _builder_version=&#8221;4.17.4&#8243; _module_preset=&#8221;default&#8221; global_colors_info=&#8221;{}&#8221;][et_pb_image src=&#8221;https:\/\/brandplace.de\/wp-content\/uploads\/2022\/09\/pfanner_100x150.jpg&#8221; alt=&#8221;Pfanner&#8221; title_text=&#8221;pfanner_100x150&#8243; _builder_version=&#8221;4.18.0&#8243; _module_preset=&#8221;default&#8221; global_colors_info=&#8221;{}&#8221;][\/et_pb_image][\/et_pb_column][\/et_pb_row][\/et_pb_section]<\/p>\n","protected":false},"excerpt":{"rendered":"<p>References\u201eMrs. Freisinger has supported us in the last few years with the topic of product placement, she stands for: Commitment, reliability, confidentiality as well as success.\u201c Andreas Br\u00fcsch, Volkswagen Germany GmbH &amp; Co. KG, Volkswagen Football Center, Sponsoring \/ Product Placement &amp; DFB\u201eSandra supported us with the creative placement of our brand at YouTopia. Thanks [&hellip;]<\/p>\n","protected":false},"author":1,"featured_media":0,"parent":0,"menu_order":0,"comment_status":"closed","ping_status":"closed","template":"","meta":{"_et_pb_use_builder":"on","_et_pb_old_content":"<p>[et_pb_section fb_built=\"1\" fullwidth=\"on\" _builder_version=\"4.16\" _module_preset=\"default\" global_colors_info=\"{}\"][et_pb_fullwidth_image src=\"https:\/\/brandplace.de\/wp-content\/uploads\/2022\/06\/topheader-brandplace-sub-min.jpg\" alt=\"brandplace Mediaagentur\" title_text=\"brandplace Mediaagentur\" _builder_version=\"4.17.4\" _module_preset=\"default\" global_colors_info=\"{}\"][\/et_pb_fullwidth_image][\/et_pb_section][et_pb_section fb_built=\"1\" _builder_version=\"4.17.4\" _module_preset=\"default\" global_colors_info=\"{}\"][et_pb_row _builder_version=\"4.17.4\" _module_preset=\"default\" global_colors_info=\"{}\"][et_pb_column type=\"4_4\" _builder_version=\"4.17.4\" _module_preset=\"default\" global_colors_info=\"{}\"][et_pb_text _builder_version=\"4.18.0\" _module_preset=\"default\" header_font=\"Open Sans||||||||\" header_text_color=\"#FFFFFF\" header_font_size=\"26px\" header_line_height=\"1.4em\" header_font_size_tablet=\"26px\" header_font_size_phone=\"20px\" header_font_size_last_edited=\"on|phone\" global_colors_info=\"{}\"]<\/p><h1 class=\"headline\">Referenzen<\/h1><p>[\/et_pb_text][\/et_pb_column][\/et_pb_row][et_pb_row column_structure=\"3_4,1_4\" _builder_version=\"4.17.4\" _module_preset=\"default\" custom_margin=\"0px||||false|false\" custom_padding=\"0px||||false|false\" global_colors_info=\"{}\"][et_pb_column type=\"3_4\" _builder_version=\"4.17.4\" _module_preset=\"default\" global_colors_info=\"{}\"][et_pb_text _builder_version=\"4.18.0\" _module_preset=\"default\" global_colors_info=\"{}\"]<\/p><p><em>\u201eFrau Freisinger hat uns in den letzten Jahren bei dem Thema Product-Placement unterst\u00fctzt, sie steht f\u00fcr: Engagement, Verl\u00e4sslichkeit, Vertraulichkeit sowie Erfolg.\u201c<\/em><\/p><p><strong>Andreas Br\u00fcsch, Volkswagen Deutschland GmbH & Co. KG, Volkswagen Football Center, Sponsoring \/\u00a0Product Placement & DFB<\/strong><\/p><p>[\/et_pb_text][\/et_pb_column][et_pb_column type=\"1_4\" _builder_version=\"4.17.4\" _module_preset=\"default\" global_colors_info=\"{}\"][et_pb_image src=\"https:\/\/brandplace.de\/wp-content\/uploads\/2022\/09\/vw_100x150.jpg\" alt=\"VW\" title_text=\"vw_100x150\" _builder_version=\"4.18.0\" _module_preset=\"default\" global_colors_info=\"{}\"][\/et_pb_image][\/et_pb_column][\/et_pb_row][et_pb_row column_structure=\"3_4,1_4\" _builder_version=\"4.17.4\" _module_preset=\"default\" custom_margin=\"0px||||false|false\" custom_padding=\"0px||||false|false\" global_colors_info=\"{}\"][et_pb_column type=\"3_4\" _builder_version=\"4.17.4\" _module_preset=\"default\" global_colors_info=\"{}\"][et_pb_text _builder_version=\"4.18.0\" _module_preset=\"default\" global_colors_info=\"{}\"]<em>\u201eSandra hat uns bei der kreativen Platzierung unserer Marke bei YouTopia unterst\u00fctzt. Durch ihre offene Art konnten wir schnell gemeinsam einige f\u00fcr uns passende M\u00f6glichkeiten als Hauptsponsor brainstormen z.B. den klimaneutralen Livestream, den Science-Talk und die Energie-Challenge. Zielgruppengerecht und kanal\u00fcbergreifend gedacht \u2013 so waren wir dann auch mit der Umsetzung, dem Gesamtergebnis, der Reichweite und der Wirkung sehr zufrieden. Sandra hat diesen Prozess mit ihrem Know-How gewinnbringend begleitet.\u201c<\/em><\/p><p><strong>Marion Feichtinger, E.ON Deutschland, Senior Social Media & Content Marketing Managerin<\/strong><\/p><p>[\/et_pb_text][\/et_pb_column][et_pb_column type=\"1_4\" _builder_version=\"4.17.4\" _module_preset=\"default\" global_colors_info=\"{}\"][et_pb_image src=\"https:\/\/brandplace.de\/wp-content\/uploads\/2022\/09\/eon_100x150.jpg\" alt=\"VW\" title_text=\"eon_100x150\" _builder_version=\"4.18.0\" _module_preset=\"default\" global_colors_info=\"{}\"][\/et_pb_image][\/et_pb_column][\/et_pb_row][et_pb_row column_structure=\"3_4,1_4\" _builder_version=\"4.17.4\" _module_preset=\"default\" custom_margin=\"0px||||false|false\" custom_padding=\"0px||||false|false\" global_colors_info=\"{}\"][et_pb_column type=\"3_4\" _builder_version=\"4.17.4\" _module_preset=\"default\" global_colors_info=\"{}\"][et_pb_text _builder_version=\"4.18.0\" _module_preset=\"default\" global_colors_info=\"{}\"]<\/p><p><em>\"Wir haben mit Sandra Freisinger-Heinl im Projekt \u201aKrass Klassenfahrt\u2018 zusammengearbeitet. Sie hat beim Placement unserer Brand \u201eTequila Sierra\u201c ma\u00dfgeblich geholfen. Ihre Kenntnisse in der Verzahnung von Kampagnen mit Product Placements, Content und Social Media waren \u00fcberaus hilfreich und f\u00fchrten zu einer erfolgreichen Umsetzung.\"<\/em><\/p><p><strong>Philipp Stahl, Senior Brand Manager, Borco-Marken-Import Matthiesen GmbH & Co. KG<\/strong><\/p><p>[\/et_pb_text][\/et_pb_column][et_pb_column type=\"1_4\" _builder_version=\"4.17.4\" _module_preset=\"default\" global_colors_info=\"{}\"][et_pb_image src=\"https:\/\/brandplace.de\/wp-content\/uploads\/2022\/09\/borco_100x150.jpg\" alt=\"BORCO\" title_text=\"borco_100x150\" _builder_version=\"4.18.0\" _module_preset=\"default\" global_colors_info=\"{}\"][\/et_pb_image][\/et_pb_column][\/et_pb_row][et_pb_row column_structure=\"3_4,1_4\" _builder_version=\"4.17.4\" _module_preset=\"default\" custom_margin=\"0px||||false|false\" custom_padding=\"0px||||false|false\" global_colors_info=\"{}\"][et_pb_column type=\"3_4\" _builder_version=\"4.17.4\" _module_preset=\"default\" global_colors_info=\"{}\"][et_pb_text _builder_version=\"4.18.0\" _module_preset=\"default\" global_colors_info=\"{}\"]<\/p><p><em>\u201eFrau Freisinger-Heinl hat die angestrebten Ziele erreicht und somit ma\u00dfgeblich zum Erfolg von Pfanner Pure Tea in Deutschland beigetragen. Bereits bei Antritt ihrer T\u00e4tigkeit hat sie uns mit Ihrer Flexibilit\u00e4t und ihrer kommunikativen offenen Art \u00fcberzeugt, konnte auf spezielle Anforderungen systematisch eingehen. Aus diesen Gr\u00fcnden halten wir Frau Freisinger-Heinl als Dienstleisterin f\u00fcr Media und PR f\u00fcr sehr qualifiziert und m\u00f6chten Sie ohne Vorbehalte an potentielle Auftraggeber weiterempfehlen.\"<\/em><\/p><p><strong>Hans Lanzinger, Gesch\u00e4ftsf\u00fchrer, Pfanner Getr\u00e4nke GmbH \u00d6sterreich<\/strong><\/p><p>[\/et_pb_text][\/et_pb_column][et_pb_column type=\"1_4\" _builder_version=\"4.17.4\" _module_preset=\"default\" global_colors_info=\"{}\"][et_pb_image src=\"https:\/\/brandplace.de\/wp-content\/uploads\/2022\/09\/pfanner_100x150.jpg\" alt=\"Pfanner\" title_text=\"pfanner_100x150\" _builder_version=\"4.18.0\" _module_preset=\"default\" global_colors_info=\"{}\"][\/et_pb_image][\/et_pb_column][\/et_pb_row][\/et_pb_section]<\/p>","_et_gb_content_width":"","inline_featured_image":false,"footnotes":""},"class_list":["post-897","page","type-page","status-publish","hentry"],"yoast_head":"<!-- This site is optimized with the Yoast SEO plugin v22.6 - https:\/\/yoast.com\/wordpress\/plugins\/seo\/ -->\n<title>Brandplace References \u00bb Agency for Branded Entertainment<\/title>\n<meta name=\"description\" content=\"Let our customer testimonials convince you. We are your agency when it comes to in-content advertising \u2714 product placement \u2714 cross promotion.\" \/>\n<meta name=\"robots\" content=\"index, follow, max-snippet:-1, max-image-preview:large, max-video-preview:-1\" \/>\n<link rel=\"canonical\" href=\"https:\/\/brandplace.de\/en\/references\/\" \/>\n<meta property=\"og:locale\" content=\"en_US\" \/>\n<meta property=\"og:type\" content=\"article\" \/>\n<meta property=\"og:title\" content=\"Brandplace References \u00bb Agency for Branded Entertainment\" \/>\n<meta property=\"og:description\" content=\"Let our customer testimonials convince you. We are your agency when it comes to in-content advertising \u2714 product placement \u2714 cross promotion.\" \/>\n<meta property=\"og:url\" content=\"https:\/\/brandplace.de\/en\/references\/\" \/>\n<meta property=\"og:site_name\" content=\"Brandplace\" \/>\n<meta property=\"article:modified_time\" content=\"2023-01-25T14:17:40+00:00\" \/>\n<meta name=\"twitter:card\" content=\"summary_large_image\" \/>\n<meta name=\"twitter:label1\" content=\"Est. reading time\" \/>\n\t<meta name=\"twitter:data1\" content=\"3 minutes\" \/>\n<script type=\"application\/ld+json\" class=\"yoast-schema-graph\">{\"@context\":\"https:\/\/schema.org\",\"@graph\":[{\"@type\":\"WebPage\",\"@id\":\"https:\/\/brandplace.de\/en\/references\/\",\"url\":\"https:\/\/brandplace.de\/en\/references\/\",\"name\":\"Brandplace References \u00bb Agency for Branded Entertainment\",\"isPartOf\":{\"@id\":\"https:\/\/brandplace.de\/#website\"},\"datePublished\":\"2022-08-11T13:50:45+00:00\",\"dateModified\":\"2023-01-25T14:17:40+00:00\",\"description\":\"Let our customer testimonials convince you. We are your agency when it comes to in-content advertising \u2714 product placement \u2714 cross promotion.\",\"breadcrumb\":{\"@id\":\"https:\/\/brandplace.de\/en\/references\/#breadcrumb\"},\"inLanguage\":\"en-US\",\"potentialAction\":[{\"@type\":\"ReadAction\",\"target\":[\"https:\/\/brandplace.de\/en\/references\/\"]}]},{\"@type\":\"BreadcrumbList\",\"@id\":\"https:\/\/brandplace.de\/en\/references\/#breadcrumb\",\"itemListElement\":[{\"@type\":\"ListItem\",\"position\":1,\"name\":\"Startseite\",\"item\":\"https:\/\/brandplace.de\/en\/\"},{\"@type\":\"ListItem\",\"position\":2,\"name\":\"References\"}]},{\"@type\":\"WebSite\",\"@id\":\"https:\/\/brandplace.de\/#website\",\"url\":\"https:\/\/brandplace.de\/\",\"name\":\"Brandplace\",\"description\":\"Wir emotionalisieren wir Ihre Marke auf allen Screens\",\"potentialAction\":[{\"@type\":\"SearchAction\",\"target\":{\"@type\":\"EntryPoint\",\"urlTemplate\":\"https:\/\/brandplace.de\/?s={search_term_string}\"},\"query-input\":\"required name=search_term_string\"}],\"inLanguage\":\"en-US\"}]}<\/script>\n<!-- \/ Yoast SEO plugin. -->","yoast_head_json":{"title":"Brandplace References \u00bb Agency for Branded Entertainment","description":"Let our customer testimonials convince you. We are your agency when it comes to in-content advertising \u2714 product placement \u2714 cross promotion.","robots":{"index":"index","follow":"follow","max-snippet":"max-snippet:-1","max-image-preview":"max-image-preview:large","max-video-preview":"max-video-preview:-1"},"canonical":"https:\/\/brandplace.de\/en\/references\/","og_locale":"en_US","og_type":"article","og_title":"Brandplace References \u00bb Agency for Branded Entertainment","og_description":"Let our customer testimonials convince you. We are your agency when it comes to in-content advertising \u2714 product placement \u2714 cross promotion.","og_url":"https:\/\/brandplace.de\/en\/references\/","og_site_name":"Brandplace","article_modified_time":"2023-01-25T14:17:40+00:00","twitter_card":"summary_large_image","twitter_misc":{"Est. reading time":"3 minutes"},"schema":{"@context":"https:\/\/schema.org","@graph":[{"@type":"WebPage","@id":"https:\/\/brandplace.de\/en\/references\/","url":"https:\/\/brandplace.de\/en\/references\/","name":"Brandplace References \u00bb Agency for Branded Entertainment","isPartOf":{"@id":"https:\/\/brandplace.de\/#website"},"datePublished":"2022-08-11T13:50:45+00:00","dateModified":"2023-01-25T14:17:40+00:00","description":"Let our customer testimonials convince you. We are your agency when it comes to in-content advertising \u2714 product placement \u2714 cross promotion.","breadcrumb":{"@id":"https:\/\/brandplace.de\/en\/references\/#breadcrumb"},"inLanguage":"en-US","potentialAction":[{"@type":"ReadAction","target":["https:\/\/brandplace.de\/en\/references\/"]}]},{"@type":"BreadcrumbList","@id":"https:\/\/brandplace.de\/en\/references\/#breadcrumb","itemListElement":[{"@type":"ListItem","position":1,"name":"Startseite","item":"https:\/\/brandplace.de\/en\/"},{"@type":"ListItem","position":2,"name":"References"}]},{"@type":"WebSite","@id":"https:\/\/brandplace.de\/#website","url":"https:\/\/brandplace.de\/","name":"Brandplace","description":"Wir emotionalisieren wir Ihre Marke auf allen Screens","potentialAction":[{"@type":"SearchAction","target":{"@type":"EntryPoint","urlTemplate":"https:\/\/brandplace.de\/?s={search_term_string}"},"query-input":"required name=search_term_string"}],"inLanguage":"en-US"}]}},"_links":{"self":[{"href":"https:\/\/brandplace.de\/en\/wp-json\/wp\/v2\/pages\/897","targetHints":{"allow":["GET"]}}],"collection":[{"href":"https:\/\/brandplace.de\/en\/wp-json\/wp\/v2\/pages"}],"about":[{"href":"https:\/\/brandplace.de\/en\/wp-json\/wp\/v2\/types\/page"}],"author":[{"embeddable":true,"href":"https:\/\/brandplace.de\/en\/wp-json\/wp\/v2\/users\/1"}],"replies":[{"embeddable":true,"href":"https:\/\/brandplace.de\/en\/wp-json\/wp\/v2\/comments?post=897"}],"version-history":[{"count":6,"href":"https:\/\/brandplace.de\/en\/wp-json\/wp\/v2\/pages\/897\/revisions"}],"predecessor-version":[{"id":1080,"href":"https:\/\/brandplace.de\/en\/wp-json\/wp\/v2\/pages\/897\/revisions\/1080"}],"wp:attachment":[{"href":"https:\/\/brandplace.de\/en\/wp-json\/wp\/v2\/media?parent=897"}],"curies":[{"name":"wp","href":"https:\/\/api.w.org\/{rel}","templated":true}]}}