{"id":887,"date":"2022-05-24T14:09:55","date_gmt":"2022-05-24T14:09:55","guid":{"rendered":"https:\/\/brandplace.de\/?page_id=887"},"modified":"2023-01-25T14:14:15","modified_gmt":"2023-01-25T14:14:15","slug":"influencer-marketing","status":"publish","type":"page","link":"https:\/\/brandplace.de\/en\/influencer-marketing\/","title":{"rendered":"Influencer Marketing"},"content":{"rendered":"<p>[et_pb_section fb_built=&#8221;1&#8243; fullwidth=&#8221;on&#8221; _builder_version=&#8221;4.16&#8243; _module_preset=&#8221;default&#8221; global_colors_info=&#8221;{}&#8221;][et_pb_fullwidth_image src=&#8221;https:\/\/brandplace.de\/wp-content\/uploads\/2023\/01\/brandplace-mediagentur_top-min.jpg&#8221; alt=&#8221;Brandplace Mediaagentur&#8221; title_text=&#8221;brandplace-mediagentur_top-min&#8221; _builder_version=&#8221;4.19.4&#8243; _module_preset=&#8221;default&#8221; hover_enabled=&#8221;0&#8243; global_colors_info=&#8221;{}&#8221; sticky_enabled=&#8221;0&#8243;][\/et_pb_fullwidth_image][\/et_pb_section][et_pb_section fb_built=&#8221;1&#8243; _builder_version=&#8221;4.17.4&#8243; _module_preset=&#8221;default&#8221; global_colors_info=&#8221;{}&#8221;][et_pb_row column_structure=&#8221;1_2,1_2&#8243; _builder_version=&#8221;4.17.4&#8243; _module_preset=&#8221;default&#8221; global_colors_info=&#8221;{}&#8221;][et_pb_column type=&#8221;1_2&#8243; _builder_version=&#8221;4.17.4&#8243; _module_preset=&#8221;default&#8221; global_colors_info=&#8221;{}&#8221;][et_pb_text _builder_version=&#8221;4.17.4&#8243; _module_preset=&#8221;default&#8221; header_font=&#8221;Open Sans||||||||&#8221; header_text_color=&#8221;#FFFFFF&#8221; header_font_size=&#8221;26px&#8221; header_line_height=&#8221;1.4em&#8221; header_font_size_tablet=&#8221;26px&#8221; header_font_size_phone=&#8221;20px&#8221; header_font_size_last_edited=&#8221;on|phone&#8221; global_colors_info=&#8221;{}&#8221;]<\/p>\n<h1 class=\"headline\">Influencer Marketing<\/h1>\n<p>[\/et_pb_text][et_pb_text _builder_version=&#8221;4.18.0&#8243; _module_preset=&#8221;default&#8221; header_3_font=&#8221;Open Sans||||||||&#8221; header_3_line_height=&#8221;1.4em&#8221; global_colors_info=&#8221;{}&#8221;]<\/p>\n<h3>What is Influencer Marketing?<\/h3>\n<p>Influencer marketing refers to a high-reach marketing that is carried out by opinion leaders, so-called influencers. On social media platforms such as YouTube, Instagram, TikTok and Snapchat, influencers are the celebrities of young target groups. They have an established community that has developed over time and are trusted experts and role models for their followers, on whom a brand message can be directed. Their opinions and recommendations are followed, liked and shared in the corresponding target group.<\/p>\n<p>An interaction with the brand is created in the social network, which increases your brand awareness in a special way and positively influences buying behaviour. Through an authentic appearance, the influencer&#8217;s advertising is optimally not even perceived as such and thus the credibility of the brand is sustainably increased.<\/p>\n<p>&nbsp;<\/p>\n<p>[\/et_pb_text][et_pb_text _builder_version=&#8221;4.18.0&#8243; _module_preset=&#8221;default&#8221; header_3_font=&#8221;Open Sans||||||||&#8221; header_3_line_height=&#8221;1.4em&#8221; global_colors_info=&#8221;{}&#8221;]<\/p>\n<h3>How do we proceed in influencer marketing?<\/h3>\n<p>We search the most suitable and widest-reaching influencers for your online campaign and connect current influencer projects with your brand. We are constantly up-to-date on current influencer campaigns in various social networks, such as Instagram, YouTube, TikTok and Snapchat, which we monitor for interaction and response. For your product, we analyse which channel fits best, we research target groups and reach of commercially available influencers and check contractual requirements.<\/p>\n<p>We ensure an authentic integration and accompany the entire campaign during the ongoing process. Finally, we present KPIs (Key Performance Indicators) such as reach, engagement, etc. to evaluate the success of the campaign.<\/p>\n<p>&nbsp;<\/p>\n<p>&nbsp;<\/p>\n<p>[\/et_pb_text][et_pb_text _builder_version=&#8221;4.18.0&#8243; _module_preset=&#8221;default&#8221; header_3_font=&#8221;Open Sans||||||||&#8221; header_3_line_height=&#8221;1.4em&#8221; global_colors_info=&#8221;{}&#8221;]<\/p>\n<h3>What is it that makes us special in Influencer Marketing?<\/h3>\n<p>The influencer market is very dynamic and constantly serves the latest formats. Our ultimate goal is to find perfect creators for you for a marketing activity tailored to your needs. Depending on your budget &#8211; whether a single project or an online campaign &#8211; we will be happy to advise you on the current highlights in the market.<\/p>\n<p>[\/et_pb_text][et_pb_text _builder_version=&#8221;4.18.0&#8243; _module_preset=&#8221;default&#8221; header_3_line_height=&#8221;1.4em&#8221; global_colors_info=&#8221;{}&#8221;]<\/p>\n<h3>You are looking for the right influencer for your brand?<\/h3>\n<p>[\/et_pb_text][et_pb_button button_url=&#8221;\/en\/contact\/&#8221; button_text=&#8221;Contact us&#8221; button_alignment=&#8221;left&#8221; _builder_version=&#8221;4.18.0&#8243; _module_preset=&#8221;default&#8221; custom_button=&#8221;on&#8221; button_text_size=&#8221;14px&#8221; button_text_color=&#8221;#FFFFFF&#8221; button_bg_color=&#8221;#3fab44&#8243; button_border_color=&#8221;#3fab44&#8243; button_border_radius=&#8221;0px&#8221; button_letter_spacing=&#8221;0px&#8221; button_font=&#8221;Open Sans||||||||&#8221; button_icon=&#8221;&#x24;||divi||400&#8243; background_layout=&#8221;dark&#8221; global_colors_info=&#8221;{}&#8221;][\/et_pb_button][\/et_pb_column][et_pb_column type=&#8221;1_2&#8243; _builder_version=&#8221;4.17.4&#8243; _module_preset=&#8221;default&#8221; global_colors_info=&#8221;{}&#8221;][et_pb_text _builder_version=&#8221;4.18.0&#8243; _module_preset=&#8221;default&#8221; header_font=&#8221;Open Sans||||||||&#8221; header_text_color=&#8221;#FFFFFF&#8221; header_2_font=&#8221;Open Sans||||||||&#8221; header_2_text_color=&#8221;#FFFFFF&#8221; header_2_line_height=&#8221;1.4em&#8221; header_2_font_size_tablet=&#8221;&#8221; header_2_font_size_phone=&#8221;20px&#8221; header_2_font_size_last_edited=&#8221;on|phone&#8221; global_colors_info=&#8221;{}&#8221;]<\/p>\n<h2 class=\"headline\">References<\/h2>\n<p>[\/et_pb_text][et_pb_video src=&#8221;https:\/\/youtu.be\/fzQG3qikadQ&#8221; _builder_version=&#8221;4.17.4&#8243; _module_preset=&#8221;default&#8221; custom_margin=&#8221;50px||||false|false&#8221; global_colors_info=&#8221;{}&#8221;][\/et_pb_video][et_pb_text _builder_version=&#8221;4.18.0&#8243; _module_preset=&#8221;default&#8221; header_3_font=&#8221;Open Sans||||||||&#8221; header_3_line_height=&#8221;1.4em&#8221; global_colors_info=&#8221;{}&#8221;]<\/p>\n<h3>E.ON at YouTopia<\/h3>\n<p>E.ON was a sponsor of the sustainability &amp; social media project &#8220;YouTopia&#8221;. Thanks to E.ON, the YouTopia dome was completely supplied with green electricity and the live stream was also climate-neutral. There was an energy bike challenge with Joey Kelly, in which the YouTubers had to generate their own electricity, and a science talk on renewable energies with Frank Thelen.<\/p>\n<p>[\/et_pb_text][et_pb_video src=&#8221;https:\/\/youtu.be\/q214otosT2c&#8221; _builder_version=&#8221;4.17.4&#8243; _module_preset=&#8221;default&#8221; global_colors_info=&#8221;{}&#8221;][\/et_pb_video][et_pb_text _builder_version=&#8221;4.18.0&#8243; _module_preset=&#8221;default&#8221; header_3_font=&#8221;Open Sans||||||||&#8221; header_3_line_height=&#8221;1.4em&#8221; global_colors_info=&#8221;{}&#8221;]<\/p>\n<h3>Tallink Silja and Youtuber Joyce<\/h3>\n<p>Influencer Joyce went on a cruise from Stockholm to Helsinki with the cruise company Tallink Silja. Two vlogs were posted on Influencer Joyce&#8217;s YouTube channel, as well as several posts on Facebook, Twitter, &amp; Instagram. There was also a competition on Facebook for a mini cruise with Tallink Silja.<\/p>\n<p>[\/et_pb_text][et_pb_image src=&#8221;https:\/\/brandplace.de\/wp-content\/uploads\/2022\/05\/ritex-instagram.jpg&#8221; title_text=&#8221;ritex-instagram&#8221; url=&#8221;\/product-placement\/&#8221; _builder_version=&#8221;4.17.4&#8243; _module_preset=&#8221;default&#8221; global_colors_info=&#8221;{}&#8221;][\/et_pb_image][et_pb_text _builder_version=&#8221;4.18.0&#8243; _module_preset=&#8221;default&#8221; header_3_font=&#8221;Open Sans||||||||&#8221; header_3_line_height=&#8221;1.4em&#8221; global_colors_info=&#8221;{}&#8221;]<\/p>\n<h3>Ritex at YouTopia<\/h3>\n<p>Ritex sponsored the sustainability and social media project &#8220;YouTopia&#8221; and placed condoms made of natural rubber latex in the show. There was a challenge in which the influencers had to make their own sustainable condoms. In addition, the influencer Jonas Ems posted an Instagram picture with a Ritex condom as part of the sustainability campaign.<\/p>\n<p><a href=\"https:\/\/www.instagram.com\/tv\/CGCtifWBMP9\/?utm_source=ig_web_copy_link\" target=\"_blank\" rel=\"noopener\">Tageschallenge on Instagram<\/a><\/p>\n<p>&nbsp;<\/p>\n<p>[\/et_pb_text][\/et_pb_column][\/et_pb_row][\/et_pb_section]<\/p>\n","protected":false},"excerpt":{"rendered":"<p>Influencer Marketing What is Influencer Marketing? Influencer marketing refers to a high-reach marketing that is carried out by opinion leaders, so-called influencers. On social media platforms such as YouTube, Instagram, TikTok and Snapchat, influencers are the celebrities of young target groups. They have an established community that has developed over time and are trusted experts [&hellip;]<\/p>\n","protected":false},"author":1,"featured_media":0,"parent":0,"menu_order":0,"comment_status":"closed","ping_status":"closed","template":"","meta":{"_et_pb_use_builder":"on","_et_pb_old_content":"<p>[et_pb_section fb_built=\"1\" fullwidth=\"on\" _builder_version=\"4.16\" _module_preset=\"default\" global_colors_info=\"{}\"][et_pb_fullwidth_image src=\"https:\/\/brandplace.de\/wp-content\/uploads\/2022\/06\/topheader-brandplace-sub-min.jpg\" alt=\"brandplace Mediaagentur\" title_text=\"brandplace Mediaagentur\" _builder_version=\"4.17.4\" _module_preset=\"default\" global_colors_info=\"{}\"][\/et_pb_fullwidth_image][\/et_pb_section][et_pb_section fb_built=\"1\" _builder_version=\"4.17.4\" _module_preset=\"default\" global_colors_info=\"{}\"][et_pb_row column_structure=\"1_2,1_2\" _builder_version=\"4.17.4\" _module_preset=\"default\" global_colors_info=\"{}\"][et_pb_column type=\"1_2\" _builder_version=\"4.17.4\" _module_preset=\"default\" global_colors_info=\"{}\"][et_pb_text _builder_version=\"4.17.4\" _module_preset=\"default\" header_font=\"Open Sans||||||||\" header_text_color=\"#FFFFFF\" header_font_size=\"26px\" header_line_height=\"1.4em\" header_font_size_tablet=\"26px\" header_font_size_phone=\"20px\" header_font_size_last_edited=\"on|phone\" global_colors_info=\"{}\"]<\/p><h1 class=\"headline\">Influencer Marketing<\/h1><p>[\/et_pb_text][et_pb_text _builder_version=\"4.17.4\" _module_preset=\"default\" header_3_font=\"Open Sans||||||||\" header_3_line_height=\"1.4em\" global_colors_info=\"{}\"]<\/p><h3>Was ist Influencer Marketing?<\/h3><p>Influencer Marketing bezeichnet ein reichweitenstarkes Marketing, das von Meinungsmacher:innen, sogenannten Influencer:innen ausgef\u00fchrt wird. Auf Social-Media-Plattformen wie YouTube, Instagram, TikTok und Snapchat sind Influencer:innen die Prominenten der jungen Zielgruppen. Sie haben eine \u00fcber die Zeit entstandene feste Community und sind ihren Followern vertrauensw\u00fcrdige Expert:innen und Vorbilder, auf die eine Markenbotschaft ausgerichtet werden kann. Deren Meinungen und Empfehlungen werden verfolgt und in der entsprechenden Zielgruppe geliked und geteilt.<\/p><p>Im sozialen Netzwerk entsteht eine Interaktion mit der Marke, die Ihre Markenbekanntheit in besonderer Weise erh\u00f6ht sowie das Kaufverhalten positiv beeinflusst. Durch einen authentischen Auftritt wird die Werbung des Influencers im Optimalfall gar nicht als solche empfunden und dadurch die Glaubw\u00fcrdigkeit der Marke nachhaltig erh\u00f6ht.<\/p><p>\u00a0<\/p><p>[\/et_pb_text][et_pb_text _builder_version=\"4.17.4\" _module_preset=\"default\" header_3_font=\"Open Sans||||||||\" header_3_line_height=\"1.4em\" global_colors_info=\"{}\"]<\/p><h3>Wie gehen wir beim Influencer Marketing vor?<\/h3><p>Wir suchen die passendsten und reichweitenst\u00e4rksten Influencer:innen f\u00fcr Ihre Online-Kampagne und verbinden aktuelle Influencer-Projekte mit Ihrer Marke. Wir sind st\u00e4ndig up-to-date \u00fcber laufende Influencer-Kampagnen in den verschiedenen sozialen Netzwerken, wie Instagram, YouTube, TikTok und Snapchat, die wir hinsichtlich Interaktion und Resonanz verfolgen. F\u00fcr Ihr Produkt analysieren wir, welcher Kanal am besten passt, recherchieren Zielgruppen und Reichweiten der kommerziell verf\u00fcgbaren Influencer:innen und pr\u00fcfen vertragliche Anforderungen.<\/p><p>Wir achten auf eine authentische Integration und begleiten die gesamte Kampagne im laufenden Prozess. Zum Abschluss pr\u00e4sentieren wir KPIs (Key Performance Indicators) wie Reach, Engagement etc., um den Erfolg der Kampagne zu bewerten.<\/p><p>\u00a0<\/p><p>\u00a0<\/p><p>[\/et_pb_text][et_pb_text _builder_version=\"4.17.4\" _module_preset=\"default\" header_3_font=\"Open Sans||||||||\" header_3_line_height=\"1.4em\" global_colors_info=\"{}\"]<\/p><h3>Was macht uns beim Influencer Marketing besonders?<\/h3><p>Der Influencer Markt ist sehr dynamisch und bedient st\u00e4ndig die neuesten Formate. Unser oberstes Ziel ist es, f\u00fcr Sie perfekte Creators f\u00fcr eine auf Ihre Bed\u00fcrfnisse zugeschnittene Marketingma\u00dfnahme zu finden. Je nach Budget \u2013 ob Einzelprojekt oder Online-Kampagne \u2013 beraten wir Sie gerne zu den aktuellen Highlights im Markt.<\/p><p>[\/et_pb_text][et_pb_text _builder_version=\"4.17.4\" _module_preset=\"default\" header_3_line_height=\"1.4em\" global_colors_info=\"{}\"]<\/p><h3>Sie suchen den richtigen Influencer:innen f\u00fcr Ihre Brand?<\/h3><p>[\/et_pb_text][et_pb_button button_url=\"\/kontakt\/\" button_text=\"Kontaktieren Sie uns\" button_alignment=\"left\" _builder_version=\"4.17.4\" _module_preset=\"default\" custom_button=\"on\" button_text_size=\"14px\" button_text_color=\"#FFFFFF\" button_bg_color=\"#3fab44\" button_border_color=\"#3fab44\" button_border_radius=\"0px\" button_letter_spacing=\"0px\" button_font=\"Open Sans||||||||\" button_icon=\"$||divi||400\" background_layout=\"dark\" global_colors_info=\"{}\"][\/et_pb_button][\/et_pb_column][et_pb_column type=\"1_2\" _builder_version=\"4.17.4\" _module_preset=\"default\" global_colors_info=\"{}\"][et_pb_text _builder_version=\"4.17.4\" _module_preset=\"default\" header_font=\"Open Sans||||||||\" header_text_color=\"#FFFFFF\" header_2_font=\"Open Sans||||||||\" header_2_text_color=\"#FFFFFF\" header_2_line_height=\"1.4em\" header_2_font_size_tablet=\"\" header_2_font_size_phone=\"20px\" header_2_font_size_last_edited=\"on|phone\" global_colors_info=\"{}\"]<\/p><h2 class=\"headline\">Referenzprojekte<\/h2><p>[\/et_pb_text][et_pb_video src=\"https:\/\/youtu.be\/fzQG3qikadQ\" _builder_version=\"4.17.4\" _module_preset=\"default\" custom_margin=\"50px||||false|false\" global_colors_info=\"{}\"][\/et_pb_video][et_pb_text _builder_version=\"4.17.4\" _module_preset=\"default\" header_3_font=\"Open Sans||||||||\" header_3_line_height=\"1.4em\" global_colors_info=\"{}\"]<\/p><h3>E.ON bei YouTopia<\/h3><p>E.ON war Sponsor beim Nachhaltigkeits- & Social Media Projekt \u201eYouTopia\u201c. Durch E.ON wurde die YouTopia-Kuppel komplett mit \u00d6kostrom versorgt und auch der Live-Stream war klimaneutral. Es gab eine Energierad-Challenge mit Joey Kelly, bei der die YouTuber:innen selbst Strom erzeugen mussten, und einen Science Talk zu erneuerbaren Energien mit Frank Thelen.<\/p><p>[\/et_pb_text][et_pb_video src=\"https:\/\/youtu.be\/q214otosT2c\" _builder_version=\"4.17.4\" _module_preset=\"default\" global_colors_info=\"{}\"][\/et_pb_video][et_pb_text _builder_version=\"4.17.4\" _module_preset=\"default\" header_3_font=\"Open Sans||||||||\" header_3_line_height=\"1.4em\" global_colors_info=\"{}\"]<\/p><h3>Tallink Silja und Youtuberin Joyce<\/h3><p>Influencerin Joyce ist mit dem Kreuzfahrtunternehmen Tallink Silja auf eine Kreuzfahrt von Stockholm nach Helsinki gegangen. Zwei Vlogs wurden auf dem YouTube Kanal der Influencerin Joyce gepostet, sowie mehrere Beitr\u00e4ge auf Facebook, Twitter, & Instagram. Au\u00dferdem gab es auf Facebook ein Gewinnspiel f\u00fcr eine Minicruise mit Tallink Silja.<\/p><p>[\/et_pb_text][et_pb_image src=\"https:\/\/brandplace.de\/wp-content\/uploads\/2022\/05\/ritex-instagram.jpg\" title_text=\"ritex-instagram\" url=\"\/product-placement\/\" _builder_version=\"4.17.4\" _module_preset=\"default\" global_colors_info=\"{}\"][\/et_pb_image][et_pb_text _builder_version=\"4.17.4\" _module_preset=\"default\" header_3_font=\"Open Sans||||||||\" header_3_line_height=\"1.4em\" global_colors_info=\"{}\"]<\/p><h3>Ritex bei YouTopia<\/h3><p>Ritex hat das Nachhaltigkeits- und Social Media Projekt \u201eYouTopia\u201c gesponsert und Kondome aus Naturkautschuklatex in der Sendung platziert. Es gab eine Challenge, bei der die Influencer:innen selbst nachhaltig Kondome herstellen mussten. Au\u00dferdem hat der Influencer Jonas Ems im Zuge der Nachhaltigkeitskampagne ein Instagram-Bild mit Ritex-Kondom gepostet.<\/p><p><a href=\"https:\/\/www.instagram.com\/tv\/CGCtifWBMP9\/?utm_source=ig_web_copy_link\" target=\"_blank\" rel=\"noopener\">Tageschallenge auf Instagram<\/a><\/p><p>\u00a0<\/p><p>[\/et_pb_text][\/et_pb_column][\/et_pb_row][\/et_pb_section]<\/p>","_et_gb_content_width":"","inline_featured_image":false,"footnotes":""},"class_list":["post-887","page","type-page","status-publish","hentry"],"yoast_head":"<!-- This site is optimized with the Yoast SEO plugin v22.6 - https:\/\/yoast.com\/wordpress\/plugins\/seo\/ -->\n<title>Influencer Marketing \u00bb We find your influencers for you!<\/title>\n<meta name=\"description\" content=\"We search for the most suitable &amp; widest-reaching influencers for your online campaign &amp; connect current influencer projects with your brand \u2794 Info.\" \/>\n<meta name=\"robots\" content=\"index, follow, max-snippet:-1, max-image-preview:large, max-video-preview:-1\" \/>\n<link rel=\"canonical\" href=\"https:\/\/brandplace.de\/en\/influencer-marketing\/\" \/>\n<meta property=\"og:locale\" content=\"en_US\" \/>\n<meta property=\"og:type\" content=\"article\" \/>\n<meta property=\"og:title\" content=\"Influencer Marketing \u00bb We find your influencers for you!\" \/>\n<meta property=\"og:description\" content=\"We search for the most suitable &amp; widest-reaching influencers for your online campaign &amp; connect current influencer projects with your brand \u2794 Info.\" \/>\n<meta property=\"og:url\" content=\"https:\/\/brandplace.de\/en\/influencer-marketing\/\" \/>\n<meta property=\"og:site_name\" content=\"Brandplace\" \/>\n<meta property=\"article:modified_time\" content=\"2023-01-25T14:14:15+00:00\" \/>\n<meta name=\"twitter:card\" content=\"summary_large_image\" \/>\n<meta name=\"twitter:label1\" content=\"Est. reading time\" \/>\n\t<meta name=\"twitter:data1\" content=\"4 minutes\" \/>\n<script type=\"application\/ld+json\" class=\"yoast-schema-graph\">{\"@context\":\"https:\/\/schema.org\",\"@graph\":[{\"@type\":\"WebPage\",\"@id\":\"https:\/\/brandplace.de\/en\/influencer-marketing\/\",\"url\":\"https:\/\/brandplace.de\/en\/influencer-marketing\/\",\"name\":\"Influencer Marketing \u00bb We find your influencers for you!\",\"isPartOf\":{\"@id\":\"https:\/\/brandplace.de\/#website\"},\"datePublished\":\"2022-05-24T14:09:55+00:00\",\"dateModified\":\"2023-01-25T14:14:15+00:00\",\"description\":\"We search for the most suitable & widest-reaching influencers for your online campaign & connect current influencer projects with your brand \u2794 Info.\",\"breadcrumb\":{\"@id\":\"https:\/\/brandplace.de\/en\/influencer-marketing\/#breadcrumb\"},\"inLanguage\":\"en-US\",\"potentialAction\":[{\"@type\":\"ReadAction\",\"target\":[\"https:\/\/brandplace.de\/en\/influencer-marketing\/\"]}]},{\"@type\":\"BreadcrumbList\",\"@id\":\"https:\/\/brandplace.de\/en\/influencer-marketing\/#breadcrumb\",\"itemListElement\":[{\"@type\":\"ListItem\",\"position\":1,\"name\":\"Startseite\",\"item\":\"https:\/\/brandplace.de\/en\/\"},{\"@type\":\"ListItem\",\"position\":2,\"name\":\"Influencer Marketing\"}]},{\"@type\":\"WebSite\",\"@id\":\"https:\/\/brandplace.de\/#website\",\"url\":\"https:\/\/brandplace.de\/\",\"name\":\"Brandplace\",\"description\":\"Wir emotionalisieren wir Ihre Marke auf allen Screens\",\"potentialAction\":[{\"@type\":\"SearchAction\",\"target\":{\"@type\":\"EntryPoint\",\"urlTemplate\":\"https:\/\/brandplace.de\/?s={search_term_string}\"},\"query-input\":\"required name=search_term_string\"}],\"inLanguage\":\"en-US\"}]}<\/script>\n<!-- \/ Yoast SEO plugin. -->","yoast_head_json":{"title":"Influencer Marketing \u00bb We find your influencers for you!","description":"We search for the most suitable & widest-reaching influencers for your online campaign & connect current influencer projects with your brand \u2794 Info.","robots":{"index":"index","follow":"follow","max-snippet":"max-snippet:-1","max-image-preview":"max-image-preview:large","max-video-preview":"max-video-preview:-1"},"canonical":"https:\/\/brandplace.de\/en\/influencer-marketing\/","og_locale":"en_US","og_type":"article","og_title":"Influencer Marketing \u00bb We find your influencers for you!","og_description":"We search for the most suitable & widest-reaching influencers for your online campaign & connect current influencer projects with your brand \u2794 Info.","og_url":"https:\/\/brandplace.de\/en\/influencer-marketing\/","og_site_name":"Brandplace","article_modified_time":"2023-01-25T14:14:15+00:00","twitter_card":"summary_large_image","twitter_misc":{"Est. reading time":"4 minutes"},"schema":{"@context":"https:\/\/schema.org","@graph":[{"@type":"WebPage","@id":"https:\/\/brandplace.de\/en\/influencer-marketing\/","url":"https:\/\/brandplace.de\/en\/influencer-marketing\/","name":"Influencer Marketing \u00bb We find your influencers for you!","isPartOf":{"@id":"https:\/\/brandplace.de\/#website"},"datePublished":"2022-05-24T14:09:55+00:00","dateModified":"2023-01-25T14:14:15+00:00","description":"We search for the most suitable & widest-reaching influencers for your online campaign & connect current influencer projects with your brand \u2794 Info.","breadcrumb":{"@id":"https:\/\/brandplace.de\/en\/influencer-marketing\/#breadcrumb"},"inLanguage":"en-US","potentialAction":[{"@type":"ReadAction","target":["https:\/\/brandplace.de\/en\/influencer-marketing\/"]}]},{"@type":"BreadcrumbList","@id":"https:\/\/brandplace.de\/en\/influencer-marketing\/#breadcrumb","itemListElement":[{"@type":"ListItem","position":1,"name":"Startseite","item":"https:\/\/brandplace.de\/en\/"},{"@type":"ListItem","position":2,"name":"Influencer Marketing"}]},{"@type":"WebSite","@id":"https:\/\/brandplace.de\/#website","url":"https:\/\/brandplace.de\/","name":"Brandplace","description":"Wir emotionalisieren wir Ihre Marke auf allen Screens","potentialAction":[{"@type":"SearchAction","target":{"@type":"EntryPoint","urlTemplate":"https:\/\/brandplace.de\/?s={search_term_string}"},"query-input":"required name=search_term_string"}],"inLanguage":"en-US"}]}},"_links":{"self":[{"href":"https:\/\/brandplace.de\/en\/wp-json\/wp\/v2\/pages\/887","targetHints":{"allow":["GET"]}}],"collection":[{"href":"https:\/\/brandplace.de\/en\/wp-json\/wp\/v2\/pages"}],"about":[{"href":"https:\/\/brandplace.de\/en\/wp-json\/wp\/v2\/types\/page"}],"author":[{"embeddable":true,"href":"https:\/\/brandplace.de\/en\/wp-json\/wp\/v2\/users\/1"}],"replies":[{"embeddable":true,"href":"https:\/\/brandplace.de\/en\/wp-json\/wp\/v2\/comments?post=887"}],"version-history":[{"count":5,"href":"https:\/\/brandplace.de\/en\/wp-json\/wp\/v2\/pages\/887\/revisions"}],"predecessor-version":[{"id":1075,"href":"https:\/\/brandplace.de\/en\/wp-json\/wp\/v2\/pages\/887\/revisions\/1075"}],"wp:attachment":[{"href":"https:\/\/brandplace.de\/en\/wp-json\/wp\/v2\/media?parent=887"}],"curies":[{"name":"wp","href":"https:\/\/api.w.org\/{rel}","templated":true}]}}