{"id":880,"date":"2022-05-30T14:32:49","date_gmt":"2022-05-30T14:32:49","guid":{"rendered":"https:\/\/brandplace.de\/?page_id=880"},"modified":"2023-01-25T13:58:44","modified_gmt":"2023-01-25T13:58:44","slug":"branded-content","status":"publish","type":"page","link":"https:\/\/brandplace.de\/en\/branded-content\/","title":{"rendered":"Branded Content"},"content":{"rendered":"<p>[et_pb_section fb_built=&#8221;1&#8243; fullwidth=&#8221;on&#8221; _builder_version=&#8221;4.16&#8243; _module_preset=&#8221;default&#8221; global_colors_info=&#8221;{}&#8221;][et_pb_fullwidth_image src=&#8221;https:\/\/brandplace.de\/wp-content\/uploads\/2023\/01\/brandplace-mediagentur_top-min.jpg&#8221; alt=&#8221;Brandplace Mediaagentur&#8221; title_text=&#8221;brandplace-mediagentur_top-min&#8221; _builder_version=&#8221;4.19.4&#8243; _module_preset=&#8221;default&#8221; hover_enabled=&#8221;0&#8243; global_colors_info=&#8221;{}&#8221; sticky_enabled=&#8221;0&#8243;][\/et_pb_fullwidth_image][\/et_pb_section][et_pb_section fb_built=&#8221;1&#8243; _builder_version=&#8221;4.17.4&#8243; _module_preset=&#8221;default&#8221; global_colors_info=&#8221;{}&#8221;][et_pb_row column_structure=&#8221;1_2,1_2&#8243; _builder_version=&#8221;4.17.4&#8243; _module_preset=&#8221;default&#8221; custom_margin=&#8221;||40px||false|false&#8221; custom_padding=&#8221;||||false|false&#8221; global_colors_info=&#8221;{}&#8221;][et_pb_column type=&#8221;1_2&#8243; _builder_version=&#8221;4.17.4&#8243; _module_preset=&#8221;default&#8221; global_colors_info=&#8221;{}&#8221;][et_pb_text _builder_version=&#8221;4.17.4&#8243; _module_preset=&#8221;default&#8221; header_font=&#8221;Open Sans||||||||&#8221; header_text_color=&#8221;#FFFFFF&#8221; header_font_size=&#8221;26px&#8221; header_line_height=&#8221;1.4em&#8221; header_font_size_tablet=&#8221;26px&#8221; header_font_size_phone=&#8221;20px&#8221; header_font_size_last_edited=&#8221;on|phone&#8221; global_colors_info=&#8221;{}&#8221;]<\/p>\n<h1 class=\"headline\">Branded Content<\/h1>\n<p>[\/et_pb_text][et_pb_text _builder_version=&#8221;4.18.0&#8243; _module_preset=&#8221;default&#8221; header_3_font=&#8221;Open Sans||||||||&#8221; header_3_line_height=&#8221;1.4em&#8221; global_colors_info=&#8221;{}&#8221;]<\/p>\n<h3>What is branded content?<\/h3>\n<p>Branded content is content created and distributed by a brand on its behalf. It aims to attract the interest of the viewer with the prepared content of a brand and to build up a bond. In doing so, an advertising character is avoided, i.e. the viewer should not perceive the brand in the context of information and entertainment as advertising, but should be made aware of it in passing. In Germany, content is often used by brands for product launches or for specific occasions such as Christmas and Easter or to address a specific target group and to build up social media channels.<\/p>\n<p>The focus can be on the brand. Additively, brand and image values can also be elaborated through the content without naming them directly. Well-known and successful branded content is, for example, <a title=\"Edeka Video\" href=\"https:\/\/www.youtube.com\/watch?v=V6-0kYhqoRo\" target=\"_blank\" rel=\"noopener\">Edeka Heimkommen<\/a>, <a title=\"Volvo Epic Split Video\" href=\"https:\/\/www.youtube.com\/watch?v=M7FIvfx5J10\" target=\"_blank\" rel=\"noopener\">Volvo Epic Split<\/a> and the Bundeswehr series &#8220;<a title=\"Die Rekruten Video\" href=\"https:\/\/youtu.be\/PTaTJezeuDo\" target=\"_blank\" rel=\"noopener\">Die Rekruten<\/a>&#8220;.<\/p>\n<p>[\/et_pb_text][et_pb_text _builder_version=&#8221;4.18.0&#8243; _module_preset=&#8221;default&#8221; header_3_font=&#8221;Open Sans||||||||&#8221; header_3_line_height=&#8221;1.4em&#8221; global_colors_info=&#8221;{}&#8221;]<\/p>\n<h3>How do we proceed in Branded Content?<\/h3>\n<p>We know how to tell stories about a brand &#8211; informative, user-oriented and with great entertainment value. Content and distribution are equally king for us in order to implement successful content marketing in your target group. We are specialised in highlight content with films, web series, reports or videos. Branded content can be created to accompany product placement integrations, e.g. as a making-off for your social media channels.<\/p>\n<p>Furthermore, we create completely independent web series, films and videos in cooperation with well-known production companies and agencies in order to reach your specific target group with high-quality film content. Recently, we have also been working on audio content in podcasts and virtual reality content!<\/p>\n<p>[\/et_pb_text][et_pb_text _builder_version=&#8221;4.18.0&#8243; _module_preset=&#8221;default&#8221; header_3_font=&#8221;Open Sans||||||||&#8221; header_3_line_height=&#8221;1.4em&#8221; global_colors_info=&#8221;{}&#8221;]<\/p>\n<h3>What is it that makes us special in branded content?<\/h3>\n<p>We know the German production market extremely well. We know which of the top 10 film productions and which of the numerous special productions for documentaries and videos will produce the best format for your brand as a film, web series, report or video and how it can be distributed widely on TV, VoD and social media. We are represented in the leadership positions of the BCMA DACH (Global Branded Content Marketing Association) and are therefore optimally connected nationally and internationally with the members and brands.<\/p>\n<p>[\/et_pb_text][et_pb_text _builder_version=&#8221;4.18.0&#8243; _module_preset=&#8221;default&#8221; header_3_font=&#8221;Open Sans||||||||&#8221; header_3_line_height=&#8221;1.4em&#8221; global_colors_info=&#8221;{}&#8221;]<\/p>\n<h3>You want to tell your own story?<\/h3>\n<p>[\/et_pb_text][et_pb_button button_url=&#8221;\/en\/contact\/&#8221; button_text=&#8221;Contact us&#8221; button_alignment=&#8221;left&#8221; _builder_version=&#8221;4.18.0&#8243; _module_preset=&#8221;default&#8221; custom_button=&#8221;on&#8221; button_text_size=&#8221;14px&#8221; button_text_color=&#8221;#FFFFFF&#8221; button_bg_color=&#8221;#3fab44&#8243; button_border_color=&#8221;#3fab44&#8243; button_border_radius=&#8221;0px&#8221; button_letter_spacing=&#8221;0px&#8221; button_font=&#8221;Open Sans||||||||&#8221; button_icon=&#8221;&#x24;||divi||400&#8243; background_layout=&#8221;dark&#8221; global_colors_info=&#8221;{}&#8221;][\/et_pb_button][\/et_pb_column][et_pb_column type=&#8221;1_2&#8243; _builder_version=&#8221;4.17.4&#8243; _module_preset=&#8221;default&#8221; global_colors_info=&#8221;{}&#8221;][et_pb_text _builder_version=&#8221;4.18.0&#8243; _module_preset=&#8221;default&#8221; header_font=&#8221;Open Sans||||||||&#8221; header_text_color=&#8221;#FFFFFF&#8221; header_2_font=&#8221;Open Sans||||||||&#8221; header_2_text_color=&#8221;#FFFFFF&#8221; header_2_line_height=&#8221;1.4em&#8221; header_2_font_size_tablet=&#8221;&#8221; header_2_font_size_phone=&#8221;20px&#8221; header_2_font_size_last_edited=&#8221;on|phone&#8221; global_colors_info=&#8221;{}&#8221;]<\/p>\n<h2 class=\"headline\">References<\/h2>\n<p>[\/et_pb_text][et_pb_video src=&#8221;https:\/\/youtu.be\/CKdXMNmnOm8&#8243; _builder_version=&#8221;4.17.4&#8243; _module_preset=&#8221;default&#8221; custom_margin=&#8221;50px||||false|false&#8221; global_colors_info=&#8221;{}&#8221;][\/et_pb_video][et_pb_text _builder_version=&#8221;4.18.0&#8243; _module_preset=&#8221;default&#8221; header_3_font=&#8221;Open Sans||||||||&#8221; header_3_line_height=&#8221;1.4em&#8221; global_colors_info=&#8221;{}&#8221;]<\/p>\n<h3>Cinema film Lassie &#8211; Placement of the Passat Variant and T-Roc of Volkswagen<\/h3>\n<p>In collaboration with the film &#8220;Lassie &#8211; An Adventurous Journey&#8221;, Volkswagen shot its own content featuring the famous collie Lassie for its YouTube channel.<\/p>\n<p>[\/et_pb_text][et_pb_video src=&#8221;https:\/\/youtu.be\/EDmp8XST70s&#8221; _builder_version=&#8221;4.17.4&#8243; _module_preset=&#8221;default&#8221; global_colors_info=&#8221;{}&#8221;][\/et_pb_video][et_pb_text _builder_version=&#8221;4.18.0&#8243; _module_preset=&#8221;default&#8221; header_3_font=&#8221;Open Sans||||||||&#8221; header_3_line_height=&#8221;1.4em&#8221; global_colors_info=&#8221;{}&#8221;]<\/p>\n<h3>Starcook \u2013 Johann Lafer \u2013 Freixenet<\/h3>\n<p>Starcook invited to an exciting virtual influencer cooking workshop, all about Spanish tapas. Celebrity chef Johann Lafer chose the recipes together with Nieves Garc\u00eda. Freixenet was there too!<\/p>\n<p>[\/et_pb_text][et_pb_image src=&#8221;https:\/\/brandplace.de\/wp-content\/uploads\/2022\/05\/consorcio-serrano-lafer.jpg&#8221; title_text=&#8221;consorcio-serrano-lafer&#8221; url=&#8221;\/product-placement\/&#8221; _builder_version=&#8221;4.17.4&#8243; _module_preset=&#8221;default&#8221; global_colors_info=&#8221;{}&#8221;][\/et_pb_image][et_pb_text _builder_version=&#8221;4.18.0&#8243; _module_preset=&#8221;default&#8221; header_3_font=&#8221;Open Sans||||||||&#8221; header_3_line_height=&#8221;1.4em&#8221; global_colors_info=&#8221;{}&#8221;]<\/p>\n<h3>Starcook \u2013 Johann Lafer \u2013 Consorcio Serrano<\/h3>\n<p>The Consorcio Serrano seal of approval was invited to the virtual cooking workshop by Starcook and Johann Lafer and sent a professional ham cutter to cut the typical Spanish Serrano ham fresh from the bone.<\/p>\n<p>Instagram: <a href=\"https:\/\/www.instagram.com\/consorcioserranoschinken\/\" target=\"_blank\" rel=\"noopener\">Consorcio Serrano Schinken<\/a><\/p>\n<p>[\/et_pb_text][\/et_pb_column][\/et_pb_row][\/et_pb_section]<\/p>\n","protected":false},"excerpt":{"rendered":"<p>Branded Content What is branded content? Branded content is content created and distributed by a brand on its behalf. It aims to attract the interest of the viewer with the prepared content of a brand and to build up a bond. In doing so, an advertising character is avoided, i.e. the viewer should not perceive [&hellip;]<\/p>\n","protected":false},"author":1,"featured_media":0,"parent":0,"menu_order":0,"comment_status":"closed","ping_status":"closed","template":"","meta":{"_et_pb_use_builder":"on","_et_pb_old_content":"<p>[et_pb_section fb_built=\"1\" fullwidth=\"on\" _builder_version=\"4.16\" _module_preset=\"default\" global_colors_info=\"{}\"][et_pb_fullwidth_image src=\"https:\/\/brandplace.de\/wp-content\/uploads\/2022\/06\/topheader-brandplace-sub-min.jpg\" alt=\"brandplace Mediaagentur\" title_text=\"brandplace Mediaagentur\" _builder_version=\"4.17.4\" _module_preset=\"default\" global_colors_info=\"{}\"][\/et_pb_fullwidth_image][\/et_pb_section][et_pb_section fb_built=\"1\" _builder_version=\"4.17.4\" _module_preset=\"default\" global_colors_info=\"{}\"][et_pb_row column_structure=\"1_2,1_2\" _builder_version=\"4.17.4\" _module_preset=\"default\" custom_margin=\"||40px||false|false\" custom_padding=\"||||false|false\" global_colors_info=\"{}\"][et_pb_column type=\"1_2\" _builder_version=\"4.17.4\" _module_preset=\"default\" global_colors_info=\"{}\"][et_pb_text _builder_version=\"4.17.4\" _module_preset=\"default\" header_font=\"Open Sans||||||||\" header_text_color=\"#FFFFFF\" header_font_size=\"26px\" header_line_height=\"1.4em\" header_font_size_tablet=\"26px\" header_font_size_phone=\"20px\" header_font_size_last_edited=\"on|phone\" global_colors_info=\"{}\"]<\/p><h1 class=\"headline\">Branded Content<\/h1><p>[\/et_pb_text][et_pb_text _builder_version=\"4.17.4\" _module_preset=\"default\" header_3_font=\"Open Sans||||||||\" header_3_line_height=\"1.4em\" hover_enabled=\"0\" global_colors_info=\"{}\" sticky_enabled=\"0\"]<\/p><h3>Was ist Branded Content?<\/h3><p>Branded Content ist Content, der von einer Marke in deren Auftrag kreiert und distribuiert wurde. Er zielt darauf ab, mit den aufbereiteten Inhalten einer Marke das Interesse des Betrachters zu wecken und eine Bindung aufzubauen. Dabei wird ein werblicher Charakter vermieden, d.h. der Betrachter soll die Marke im Kontext einer Information und Unterhaltung nicht als Werbung auffassen, sondern beil\u00e4ufig darauf aufmerksam gemacht werden. In Deutschland wird Content von Marken oft zu Product Launches bzw. zu bestimmten Anl\u00e4ssen wie Weihnachten und Ostern oder zur Ansprache einer bestimmten Zielgruppe und zum Aufbau von Social-Media-Kan\u00e4len eingesetzt.<\/p><p>Dabei kann die Marke im Mittelpunkt stehen. Additiv k\u00f6nnen auch Marken- und Imagewerte durch den Content herausgearbeitet werden, ohne diese direkt zu nennen. Bekannter und erfolgreicher Branded Content ist zum Beispiel <a title=\"Edeka Video\" href=\"https:\/\/www.youtube.com\/watch?v=V6-0kYhqoRo\" target=\"_blank\" rel=\"noopener\">Edeka Heimkommen<\/a>, <a title=\"Volvo Epic Split Video\" href=\"https:\/\/www.youtube.com\/watch?v=M7FIvfx5J10\" target=\"_blank\" rel=\"noopener\">Volvo Epic Split<\/a> und die Bundeswehr Serie \u201e<a title=\"Die Rekruten Video\" href=\"https:\/\/youtu.be\/PTaTJezeuDo\" target=\"_blank\" rel=\"noopener\">Die Rekruten<\/a>\u201c.[\/et_pb_text][et_pb_text _builder_version=\"4.17.4\" _module_preset=\"default\" header_3_font=\"Open Sans||||||||\" header_3_line_height=\"1.4em\" hover_enabled=\"0\" global_colors_info=\"{}\" sticky_enabled=\"0\"]<\/p><h3>Wie gehen wir bei Branded Content vor?<\/h3><p>Wir verstehen es, zu einer Marke Geschichten zu erz\u00e4hlen \u2013 informativ, nutzerorientiert und mit gro\u00dfem Unterhaltungswert. Dabei sind \u201eContent und Distribution\u201c gleicherma\u00dfen King f\u00fcr uns, um erfolgreiches Content Marketing in Ihrer Zielgruppe durchzuf\u00fchren. Unsere Spezialisierung liegt auf Highlight-Content mit Filmen, Webserien, Reportagen oder Videos. Branded Content kann begleitend zu Product-Placement-Integrationen z.B. als Making-Off f\u00fcr Ihre Social-Media-Kan\u00e4le erstellt werden.<\/p><p>Ferner kreieren wir mit namhaften Produktionsunternehmen und Agenturen komplett eigenst\u00e4ndige Webserien, Filme und Videos, um Ihre spezielle Zielgruppe durch hochwertigen Film-Content abzuholen. Neuerdings arbeiten wir auch an Audio-Content in Podcasts und Virtual Reality-Content!<\/p><p>[\/et_pb_text][et_pb_text _builder_version=\"4.17.4\" _module_preset=\"default\" header_3_font=\"Open Sans||||||||\" header_3_line_height=\"1.4em\" hover_enabled=\"0\" global_colors_info=\"{}\" sticky_enabled=\"0\"]<\/p><h3>Was macht uns beim Branded Content besonders?<\/h3><p>Im deutschen Produktionsmarkt kennen wir uns extrem gut aus. Wir wissen, welche der Top 10 Filmproduktionen und welche der zahlreichen Spezial-Produktionen f\u00fcr Dokus und Videos f\u00fcr Ihre Marke das beste Format als Film, Webserie, Reportage oder Video produziert und wie es reichweitenstark in TV, VoD und Social Media distribuiert werden kann. Wir sind in den F\u00fchrungspositionen der <a title=\"BCMA\" href=\"https:\/\/www.thebcma.info\/\" target=\"_blank\" rel=\"noopener\">BCMA<\/a> DACH (Global Branded Content Marketing Association) vertreten und dadurch bestens national und international mit den Mitgliedern und Marken vernetzt.<\/p><p>[\/et_pb_text][et_pb_text _builder_version=\"4.17.4\" _module_preset=\"default\" header_3_font=\"Open Sans||||||||\" header_3_line_height=\"1.4em\" global_colors_info=\"{}\"]<\/p><h3>Sie wollen Ihre eigene Geschichte erz\u00e4hlen?<\/h3><p>[\/et_pb_text][et_pb_button button_url=\"\/kontakt\/\" button_text=\"Kontaktieren Sie uns\" button_alignment=\"left\" _builder_version=\"4.17.4\" _module_preset=\"default\" custom_button=\"on\" button_text_size=\"14px\" button_text_color=\"#FFFFFF\" button_bg_color=\"#3fab44\" button_border_color=\"#3fab44\" button_border_radius=\"0px\" button_letter_spacing=\"0px\" button_font=\"Open Sans||||||||\" button_icon=\"$||divi||400\" background_layout=\"dark\" global_colors_info=\"{}\"][\/et_pb_button][\/et_pb_column][et_pb_column type=\"1_2\" _builder_version=\"4.17.4\" _module_preset=\"default\" global_colors_info=\"{}\"][et_pb_text _builder_version=\"4.17.4\" _module_preset=\"default\" header_font=\"Open Sans||||||||\" header_text_color=\"#FFFFFF\" header_2_font=\"Open Sans||||||||\" header_2_text_color=\"#FFFFFF\" header_2_line_height=\"1.4em\" header_2_font_size_tablet=\"\" header_2_font_size_phone=\"20px\" header_2_font_size_last_edited=\"on|phone\" global_colors_info=\"{}\"]<\/p><h2 class=\"headline\">Referenzprojekte<\/h2><p>[\/et_pb_text][et_pb_video src=\"https:\/\/youtu.be\/CKdXMNmnOm8\" _builder_version=\"4.17.4\" _module_preset=\"default\" custom_margin=\"50px||||false|false\" global_colors_info=\"{}\"][\/et_pb_video][et_pb_text _builder_version=\"4.17.4\" _module_preset=\"default\" header_3_font=\"Open Sans||||||||\" header_3_line_height=\"1.4em\" hover_enabled=\"0\" global_colors_info=\"{}\" sticky_enabled=\"0\"]<\/p><h3>Kinofilm Lassie \u2013 Platzierung des Passat Variant und T-Roc von Volkswagen<\/h3><p>In Zusammenhang mit dem Kinofilm \u201eLassie \u2013 Eine abenteuerliche Reise\u201c wurde f\u00fcr den YouTube Channel von Volkswagen eigener Content mit dem ber\u00fchmten Collie Lassie gedreht.[\/et_pb_text][et_pb_video src=\"https:\/\/youtu.be\/EDmp8XST70s\" _builder_version=\"4.17.4\" _module_preset=\"default\" global_colors_info=\"{}\"][\/et_pb_video][et_pb_text _builder_version=\"4.17.4\" _module_preset=\"default\" header_3_font=\"Open Sans||||||||\" header_3_line_height=\"1.4em\" hover_enabled=\"0\" global_colors_info=\"{}\" sticky_enabled=\"0\"]<\/p><h3>Starcook \u2013 Johann Lafer \u2013 Freixenet<\/h3><p>Starcook hat zu einem spannenden, virtuellen Influencer-Kochworkshop eingeladen, bei dem sich alles um spanische Tapas dreht. Starkoch Johann Lafer suchte zusammen mit Nieves Garc\u00eda die Rezepte aus. Mit dabei Freixenet!<\/p><p>[\/et_pb_text][et_pb_image src=\"https:\/\/brandplace.de\/wp-content\/uploads\/2022\/05\/consorcio-serrano-lafer.jpg\" title_text=\"consorcio-serrano-lafer\" url=\"\/product-placement\/\" _builder_version=\"4.17.4\" _module_preset=\"default\" global_colors_info=\"{}\"][\/et_pb_image][et_pb_text _builder_version=\"4.17.4\" _module_preset=\"default\" header_3_font=\"Open Sans||||||||\" header_3_line_height=\"1.4em\" hover_enabled=\"0\" global_colors_info=\"{}\" sticky_enabled=\"0\"]<\/p><h3>Starcook \u2013 Johann Lafer \u2013 Consorcio Serrano<\/h3><p>Das G\u00fctesiegel Consorcio Serrano wurde von Starcook und Johann Lafer zum virtuellen Kochworkshop eingeladen und schickte einen professionellen Schinkenschneider, der den typischen spanischen Serrano Schinken frisch vom Knochen schnitt.<\/p><p>Instagram: <a href=\"https:\/\/www.instagram.com\/consorcioserranoschinken\/\" target=\"_blank\" rel=\"noopener\">Consorcio Serrano Schinken<\/a><\/p><p>[\/et_pb_text][\/et_pb_column][\/et_pb_row][\/et_pb_section]<\/p>","_et_gb_content_width":"","inline_featured_image":false,"footnotes":""},"class_list":["post-880","page","type-page","status-publish","hentry"],"yoast_head":"<!-- This site is optimized with the Yoast SEO plugin v22.6 - https:\/\/yoast.com\/wordpress\/plugins\/seo\/ -->\n<title>Branded Content Marketing \u00bb we strengthen your brand!<\/title>\n<meta name=\"description\" content=\"Branded Content: Brandplace knows how to tell stories about your brand - informative \u2714 user-oriented \u2714 with great entertainment value \u2794 Info.\" \/>\n<meta name=\"robots\" content=\"index, follow, max-snippet:-1, max-image-preview:large, max-video-preview:-1\" \/>\n<link rel=\"canonical\" href=\"https:\/\/brandplace.de\/en\/branded-content\/\" \/>\n<meta property=\"og:locale\" content=\"en_US\" \/>\n<meta property=\"og:type\" content=\"article\" \/>\n<meta property=\"og:title\" content=\"Branded Content Marketing \u00bb we strengthen your brand!\" \/>\n<meta property=\"og:description\" content=\"Branded Content: Brandplace knows how to tell stories about your brand - informative \u2714 user-oriented \u2714 with great entertainment value \u2794 Info.\" \/>\n<meta property=\"og:url\" content=\"https:\/\/brandplace.de\/en\/branded-content\/\" \/>\n<meta property=\"og:site_name\" content=\"Brandplace\" \/>\n<meta property=\"article:modified_time\" content=\"2023-01-25T13:58:44+00:00\" \/>\n<meta name=\"twitter:card\" content=\"summary_large_image\" \/>\n<meta name=\"twitter:label1\" content=\"Est. reading time\" \/>\n\t<meta name=\"twitter:data1\" content=\"4 minutes\" \/>\n<script type=\"application\/ld+json\" class=\"yoast-schema-graph\">{\"@context\":\"https:\/\/schema.org\",\"@graph\":[{\"@type\":\"WebPage\",\"@id\":\"https:\/\/brandplace.de\/en\/branded-content\/\",\"url\":\"https:\/\/brandplace.de\/en\/branded-content\/\",\"name\":\"Branded Content Marketing \u00bb we strengthen your brand!\",\"isPartOf\":{\"@id\":\"https:\/\/brandplace.de\/#website\"},\"datePublished\":\"2022-05-30T14:32:49+00:00\",\"dateModified\":\"2023-01-25T13:58:44+00:00\",\"description\":\"Branded Content: Brandplace knows how to tell stories about your brand - informative \u2714 user-oriented \u2714 with great entertainment value \u2794 Info.\",\"breadcrumb\":{\"@id\":\"https:\/\/brandplace.de\/en\/branded-content\/#breadcrumb\"},\"inLanguage\":\"en-US\",\"potentialAction\":[{\"@type\":\"ReadAction\",\"target\":[\"https:\/\/brandplace.de\/en\/branded-content\/\"]}]},{\"@type\":\"BreadcrumbList\",\"@id\":\"https:\/\/brandplace.de\/en\/branded-content\/#breadcrumb\",\"itemListElement\":[{\"@type\":\"ListItem\",\"position\":1,\"name\":\"Startseite\",\"item\":\"https:\/\/brandplace.de\/en\/\"},{\"@type\":\"ListItem\",\"position\":2,\"name\":\"Branded Content\"}]},{\"@type\":\"WebSite\",\"@id\":\"https:\/\/brandplace.de\/#website\",\"url\":\"https:\/\/brandplace.de\/\",\"name\":\"Brandplace\",\"description\":\"Wir emotionalisieren wir Ihre Marke auf allen Screens\",\"potentialAction\":[{\"@type\":\"SearchAction\",\"target\":{\"@type\":\"EntryPoint\",\"urlTemplate\":\"https:\/\/brandplace.de\/?s={search_term_string}\"},\"query-input\":\"required name=search_term_string\"}],\"inLanguage\":\"en-US\"}]}<\/script>\n<!-- \/ Yoast SEO plugin. -->","yoast_head_json":{"title":"Branded Content Marketing \u00bb we strengthen your brand!","description":"Branded Content: Brandplace knows how to tell stories about your brand - informative \u2714 user-oriented \u2714 with great entertainment value \u2794 Info.","robots":{"index":"index","follow":"follow","max-snippet":"max-snippet:-1","max-image-preview":"max-image-preview:large","max-video-preview":"max-video-preview:-1"},"canonical":"https:\/\/brandplace.de\/en\/branded-content\/","og_locale":"en_US","og_type":"article","og_title":"Branded Content Marketing \u00bb we strengthen your brand!","og_description":"Branded Content: Brandplace knows how to tell stories about your brand - informative \u2714 user-oriented \u2714 with great entertainment value \u2794 Info.","og_url":"https:\/\/brandplace.de\/en\/branded-content\/","og_site_name":"Brandplace","article_modified_time":"2023-01-25T13:58:44+00:00","twitter_card":"summary_large_image","twitter_misc":{"Est. reading time":"4 minutes"},"schema":{"@context":"https:\/\/schema.org","@graph":[{"@type":"WebPage","@id":"https:\/\/brandplace.de\/en\/branded-content\/","url":"https:\/\/brandplace.de\/en\/branded-content\/","name":"Branded Content Marketing \u00bb we strengthen your brand!","isPartOf":{"@id":"https:\/\/brandplace.de\/#website"},"datePublished":"2022-05-30T14:32:49+00:00","dateModified":"2023-01-25T13:58:44+00:00","description":"Branded Content: Brandplace knows how to tell stories about your brand - informative \u2714 user-oriented \u2714 with great entertainment value \u2794 Info.","breadcrumb":{"@id":"https:\/\/brandplace.de\/en\/branded-content\/#breadcrumb"},"inLanguage":"en-US","potentialAction":[{"@type":"ReadAction","target":["https:\/\/brandplace.de\/en\/branded-content\/"]}]},{"@type":"BreadcrumbList","@id":"https:\/\/brandplace.de\/en\/branded-content\/#breadcrumb","itemListElement":[{"@type":"ListItem","position":1,"name":"Startseite","item":"https:\/\/brandplace.de\/en\/"},{"@type":"ListItem","position":2,"name":"Branded Content"}]},{"@type":"WebSite","@id":"https:\/\/brandplace.de\/#website","url":"https:\/\/brandplace.de\/","name":"Brandplace","description":"Wir emotionalisieren wir Ihre Marke auf allen Screens","potentialAction":[{"@type":"SearchAction","target":{"@type":"EntryPoint","urlTemplate":"https:\/\/brandplace.de\/?s={search_term_string}"},"query-input":"required name=search_term_string"}],"inLanguage":"en-US"}]}},"_links":{"self":[{"href":"https:\/\/brandplace.de\/en\/wp-json\/wp\/v2\/pages\/880","targetHints":{"allow":["GET"]}}],"collection":[{"href":"https:\/\/brandplace.de\/en\/wp-json\/wp\/v2\/pages"}],"about":[{"href":"https:\/\/brandplace.de\/en\/wp-json\/wp\/v2\/types\/page"}],"author":[{"embeddable":true,"href":"https:\/\/brandplace.de\/en\/wp-json\/wp\/v2\/users\/1"}],"replies":[{"embeddable":true,"href":"https:\/\/brandplace.de\/en\/wp-json\/wp\/v2\/comments?post=880"}],"version-history":[{"count":6,"href":"https:\/\/brandplace.de\/en\/wp-json\/wp\/v2\/pages\/880\/revisions"}],"predecessor-version":[{"id":1062,"href":"https:\/\/brandplace.de\/en\/wp-json\/wp\/v2\/pages\/880\/revisions\/1062"}],"wp:attachment":[{"href":"https:\/\/brandplace.de\/en\/wp-json\/wp\/v2\/media?parent=880"}],"curies":[{"name":"wp","href":"https:\/\/api.w.org\/{rel}","templated":true}]}}