{"id":868,"date":"2022-06-10T10:51:35","date_gmt":"2022-06-10T10:51:35","guid":{"rendered":"https:\/\/brandplace.de\/?page_id=868"},"modified":"2023-01-25T14:11:57","modified_gmt":"2023-01-25T14:11:57","slug":"cross-promotion","status":"publish","type":"page","link":"https:\/\/brandplace.de\/en\/cross-promotion\/","title":{"rendered":"Cross Promotion"},"content":{"rendered":"<p>[et_pb_section fb_built=&#8221;1&#8243; fullwidth=&#8221;on&#8221; _builder_version=&#8221;4.16&#8243; _module_preset=&#8221;default&#8221; global_colors_info=&#8221;{}&#8221;][et_pb_fullwidth_image src=&#8221;https:\/\/brandplace.de\/wp-content\/uploads\/2023\/01\/brandplace-mediagentur_top-min.jpg&#8221; alt=&#8221;Brandplace Mediaagentur&#8221; title_text=&#8221;brandplace-mediagentur_top-min&#8221; _builder_version=&#8221;4.19.4&#8243; _module_preset=&#8221;default&#8221; hover_enabled=&#8221;0&#8243; global_colors_info=&#8221;{}&#8221; sticky_enabled=&#8221;0&#8243;][\/et_pb_fullwidth_image][\/et_pb_section][et_pb_section fb_built=&#8221;1&#8243; _builder_version=&#8221;4.17.4&#8243; _module_preset=&#8221;default&#8221; global_colors_info=&#8221;{}&#8221;][et_pb_row column_structure=&#8221;1_2,1_2&#8243; _builder_version=&#8221;4.17.4&#8243; _module_preset=&#8221;default&#8221; custom_margin=&#8221;||40px||false|false&#8221; custom_padding=&#8221;||||false|false&#8221; global_colors_info=&#8221;{}&#8221;][et_pb_column type=&#8221;1_2&#8243; _builder_version=&#8221;4.17.4&#8243; _module_preset=&#8221;default&#8221; global_colors_info=&#8221;{}&#8221;][et_pb_text _builder_version=&#8221;4.18.0&#8243; _module_preset=&#8221;default&#8221; header_font=&#8221;Open Sans||||||||&#8221; header_text_color=&#8221;#FFFFFF&#8221; header_font_size=&#8221;26px&#8221; header_line_height=&#8221;1.4em&#8221; header_font_size_tablet=&#8221;26px&#8221; header_font_size_phone=&#8221;20px&#8221; header_font_size_last_edited=&#8221;on|phone&#8221; global_colors_info=&#8221;{}&#8221;]<\/p>\n<h1 class=\"headline\">Cross Promotion<\/h1>\n<p>[\/et_pb_text][et_pb_text _builder_version=&#8221;4.18.0&#8243; _module_preset=&#8221;default&#8221; header_3_font=&#8221;Open Sans||||||||&#8221; header_3_line_height=&#8221;1.4em&#8221; global_colors_info=&#8221;{}&#8221;]<\/p>\n<h3>What is cross promotion?<\/h3>\n<p>Cross promotion serves as an extended marketing activity in which several advertisers (e.g. cinema distributors, TV broadcasters or the VoD platform and the brand) jointly promote their products. The subliminal product placements thus become visible to all. This means that these campaigns go beyond the classic <a title=\"Product Placement\" href=\"\/product-placement\/\">product placement<\/a> in film, TV and VoD and the product receives even greater attention. The activations include media services such as programme sponsoring (presenting a programme), commercials or pre- and mid-roll in the environment of the programme.<\/p>\n<p>Other cross-promotional activities include posting pictures and videos from the set on social media channels, cooperating on film premieres, competitions or organising a special cinema event for the respective target group. These &#8220;money-can&#8217;t-buy&#8221; moments create good customer loyalty.<\/p>\n<p>[\/et_pb_text][et_pb_text _builder_version=&#8221;4.18.0&#8243; _module_preset=&#8221;default&#8221; header_3_font=&#8221;Open Sans||||||||&#8221; header_3_line_height=&#8221;1.4em&#8221; global_colors_info=&#8221;{}&#8221;]<\/p>\n<h3>How do we proceed in cross promotion?<\/h3>\n<p>That depends entirely on your brand objectives. Together with you, the productions, media partners, social media platforms and film distributors, we organise attractive promotions for your brand. We enable you to integrate the placement into a larger 360-degree marketing strategy (see circle), which can lead to everything from more sales to promotional activities at the PoS (point of sale).<\/p>\n<p>[\/et_pb_text][et_pb_image src=&#8221;https:\/\/brandplace.de\/wp-content\/uploads\/2022\/10\/360-diagramm_eng.jpg&#8221; alt=&#8221;360 diagram&#8221; title_text=&#8221;360 diagram&#8221; _builder_version=&#8221;4.18.0&#8243; _module_preset=&#8221;default&#8221; global_colors_info=&#8221;{}&#8221;][\/et_pb_image][et_pb_text _builder_version=&#8221;4.18.0&#8243; _module_preset=&#8221;default&#8221; header_3_font=&#8221;Open Sans||||||||&#8221; header_3_line_height=&#8221;1.4em&#8221; global_colors_info=&#8221;{}&#8221;]<\/p>\n<p>In discussion rounds with all partners involved, we implement the desired measures for you. We are personally on set for photo shoots or at the premiere &#8211; if you wish, we can also be there together with you to ensure that the product or service receives the greatest possible attention.<\/p>\n<p>[\/et_pb_text][et_pb_text _builder_version=&#8221;4.18.0&#8243; _module_preset=&#8221;default&#8221; header_3_font=&#8221;Open Sans||||||||&#8221; header_3_line_height=&#8221;1.4em&#8221; global_colors_info=&#8221;{}&#8221;]<\/p>\n<h3>What is it that makes us special at Cross Promotion?<\/h3>\n<p>Our experienced team generates success stories that reflect the full potential of your brand. We closely monitor the international market (from the Berlinale and Cannes to Hollywood and Bollywood) and follow the leading marketing approaches. Our network expands in the daily work process. This enables us to develop individual and innovative concepts with content providers for your brand, from making-off videos to virtual reality content.<\/p>\n<p>[\/et_pb_text][et_pb_text _builder_version=&#8221;4.18.0&#8243; _module_preset=&#8221;default&#8221; header_3_font=&#8221;Open Sans||||||||&#8221; header_3_line_height=&#8221;1.4em&#8221; global_colors_info=&#8221;{}&#8221;]<\/p>\n<h3>You want to write your own success story?<\/h3>\n<p>[\/et_pb_text][et_pb_button button_url=&#8221;\/en\/contact\/&#8221; button_text=&#8221;Contact us&#8221; button_alignment=&#8221;left&#8221; _builder_version=&#8221;4.18.0&#8243; _module_preset=&#8221;default&#8221; custom_button=&#8221;on&#8221; button_text_size=&#8221;14px&#8221; button_text_color=&#8221;#FFFFFF&#8221; button_bg_color=&#8221;#3fab44&#8243; button_border_color=&#8221;#3fab44&#8243; button_border_radius=&#8221;0px&#8221; button_letter_spacing=&#8221;0px&#8221; button_font=&#8221;Open Sans||||||||&#8221; button_icon=&#8221;&#x24;||divi||400&#8243; background_layout=&#8221;dark&#8221; global_colors_info=&#8221;{}&#8221;][\/et_pb_button][\/et_pb_column][et_pb_column type=&#8221;1_2&#8243; _builder_version=&#8221;4.17.4&#8243; _module_preset=&#8221;default&#8221; global_colors_info=&#8221;{}&#8221;][et_pb_text _builder_version=&#8221;4.18.0&#8243; _module_preset=&#8221;default&#8221; header_font=&#8221;Open Sans||||||||&#8221; header_text_color=&#8221;#FFFFFF&#8221; header_2_font=&#8221;Open Sans||||||||&#8221; header_2_text_color=&#8221;#FFFFFF&#8221; header_2_line_height=&#8221;1.4em&#8221; header_2_font_size_tablet=&#8221;&#8221; header_2_font_size_phone=&#8221;20px&#8221; header_2_font_size_last_edited=&#8221;on|phone&#8221; global_colors_info=&#8221;{}&#8221;]<\/p>\n<h2 class=\"headline\">References<\/h2>\n<p>[\/et_pb_text][et_pb_image src=&#8221;https:\/\/brandplace.de\/wp-content\/uploads\/2022\/05\/cross-promotion-pandora.jpg&#8221; title_text=&#8221;cross-promotion-pandora&#8221; url=&#8221;\/digital-placment\/&#8221; _builder_version=&#8221;4.18.0&#8243; _module_preset=&#8221;default&#8221; custom_margin=&#8221;50px||||false|false&#8221; global_colors_info=&#8221;{}&#8221;][\/et_pb_image][et_pb_text _builder_version=&#8221;4.18.0&#8243; _module_preset=&#8221;default&#8221; header_3_font=&#8221;Open Sans||||||||&#8221; header_3_line_height=&#8221;1.4em&#8221; global_colors_info=&#8221;{}&#8221;]<\/p>\n<h3>The perfect Model &#8211; Placement of Pandora<\/h3>\n<p>&#8220;The perfect Model&#8221; integrated the jewellery brand Pandora into their show. The bracelet charms were used as a rating system in emotional moments. In addition, there were cross promotion activities such as Facebook posts, social media video content and a competition on the Pandora website. In stores, the bracelet and charms could be purchased at the same time as the broadcast.<\/p>\n<p><em>\u201e(&#8230;) the product placement was able to increase the sales of the charms by half and those of the bracelets by more than double.\u201c<\/em><\/p>\n<p><strong>Evelyn Wrobbel, Vice President Marketing Pandora<\/strong><\/p>\n<p>[\/et_pb_text][et_pb_image src=&#8221;https:\/\/brandplace.de\/wp-content\/uploads\/2022\/05\/cross-promotion-hanni-nanni.jpg&#8221; title_text=&#8221;cross-promotion-hanni-nanni&#8221; url=&#8221;\/digital-placment\/&#8221; _builder_version=&#8221;4.17.4&#8243; _module_preset=&#8221;default&#8221; global_colors_info=&#8221;{}&#8221;][\/et_pb_image][et_pb_text _builder_version=&#8221;4.18.0&#8243; _module_preset=&#8221;default&#8221; header_3_font=&#8221;Open Sans||||||||&#8221; header_3_line_height=&#8221;1.4em&#8221; global_colors_info=&#8221;{}&#8221;]<\/p>\n<h3>Hanni and Nanni &#8211; Placement of Media Markt<\/h3>\n<p>Media Markt placed their brand in the cinema film &#8220;Hanni and Nanni &#8211; More than best friends&#8221;. The logo could be seen on an advertising pillar and on a package. The product placement was also supplemented by a 360\u00b0 cross promotion with a competition, family VIP tickets for the film premiere, a newsletter, a web trailer and social media posts by YouTuber Faye Montana.<\/p>\n<p><em>\u201eThe product placement agency successfully carried out a product placement with us in the cinema film &#8220;Hanni &amp; Nanni &#8211; More than best friends&#8221;. Through the implemented cooperation concepts for this film, Media Markt received enjoyable and relevant content for the family target group.\u201c<\/em><\/p>\n<p><strong>Thomas Hesse, Head of Marketing Media Markt<\/strong><\/p>\n<p>[\/et_pb_text][\/et_pb_column][\/et_pb_row][\/et_pb_section]<\/p>\n","protected":false},"excerpt":{"rendered":"<p>Cross PromotionWhat is cross promotion? Cross promotion serves as an extended marketing activity in which several advertisers (e.g. cinema distributors, TV broadcasters or the VoD platform and the brand) jointly promote their products. The subliminal product placements thus become visible to all. This means that these campaigns go beyond the classic product placement in film, [&hellip;]<\/p>\n","protected":false},"author":1,"featured_media":0,"parent":0,"menu_order":0,"comment_status":"closed","ping_status":"closed","template":"","meta":{"_et_pb_use_builder":"on","_et_pb_old_content":"<p>[et_pb_section fb_built=\"1\" fullwidth=\"on\" _builder_version=\"4.16\" _module_preset=\"default\" global_colors_info=\"{}\"][et_pb_fullwidth_image src=\"https:\/\/brandplace.de\/wp-content\/uploads\/2022\/06\/topheader-brandplace-sub-min.jpg\" alt=\"brandplace Mediaagentur\" title_text=\"brandplace Mediaagentur\" _builder_version=\"4.17.4\" _module_preset=\"default\" global_colors_info=\"{}\"][\/et_pb_fullwidth_image][\/et_pb_section][et_pb_section fb_built=\"1\" _builder_version=\"4.17.4\" _module_preset=\"default\" global_colors_info=\"{}\"][et_pb_row column_structure=\"1_2,1_2\" _builder_version=\"4.17.4\" _module_preset=\"default\" custom_margin=\"||40px||false|false\" custom_padding=\"||||false|false\" global_colors_info=\"{}\"][et_pb_column type=\"1_2\" _builder_version=\"4.17.4\" _module_preset=\"default\" global_colors_info=\"{}\"][et_pb_text _builder_version=\"4.17.4\" _module_preset=\"default\" header_font=\"Open Sans||||||||\" header_text_color=\"#FFFFFF\" header_font_size=\"26px\" header_line_height=\"1.4em\" header_font_size_tablet=\"26px\" header_font_size_phone=\"20px\" header_font_size_last_edited=\"on|phone\" global_colors_info=\"{}\"]<\/p><h1 class=\"headline\">Cross Promotion<\/h1><p>[\/et_pb_text][et_pb_text _builder_version=\"4.17.4\" _module_preset=\"default\" header_3_font=\"Open Sans||||||||\" header_3_line_height=\"1.4em\" hover_enabled=\"0\" global_colors_info=\"{}\" sticky_enabled=\"0\"]<\/p><h3>Was ist Cross Promotion?<\/h3><p>Cross Promotion dient als erweiterte Marketingma\u00dfnahme, bei der mehrere Werbetreibende (z.B. Kino-Verleiher, TV-Sender oder die VoD-Plattform und die Brand) gemeinsam ihre Produkte bewerben. Die unterschwelligen Product Placements werden dadurch f\u00fcr alle sichtbar. Das hei\u00dft, diese Aktionen gehen \u00fcber das klasssiche <a title=\"Product Placement\" href=\"\/product-placement\/\">Product Placement<\/a> in Film, TV und VoD hinaus und das Produkt erh\u00e4lt eine noch gr\u00f6\u00dfere Aufmerksamkeit. Die Aktivierungen umfassen Medialeistungen wie Programmsponsoring (Presenting einer Sendung), Werbespots bzw. Pre- und Midroll im Umfeld der Sendung.<\/p><p>Weitere Cross Promotion Ma\u00dfnahmen sind zum Beispiel Ver\u00f6ffentlichungen von Bildern und Videos vom Set auf Social-Media-Kan\u00e4len, Kooperationen zu Filmpremieren, Gewinnspiele oder die Organisation einer eigenen Kinoveranstaltung f\u00fcr die jeweilige Zielgruppe. Durch diese \u201eMoney-can\u2018t-buy\u201c Momente wird eine gute Kundenbindung geschaffen.<\/p><p>[\/et_pb_text][et_pb_text _builder_version=\"4.17.4\" _module_preset=\"default\" header_3_font=\"Open Sans||||||||\" header_3_line_height=\"1.4em\" hover_enabled=\"0\" global_colors_info=\"{}\" sticky_enabled=\"0\"]<\/p><h3>Wie gehen wir bei Cross Promotion vor?<\/h3><p>Das kommt ganz auf Ihre Markenziele an. Gemeinsam mit Ihnen, den Produktionen, Medienpartnern, Social-Media-Plattformen und Filmverleihern f\u00fchren wir attraktive Aktionen f\u00fcr Ihre Brand durch. Wir erm\u00f6glichen Ihnen die Einbindung des Placements in einer gr\u00f6\u00dferen 360 Grad-Marketingstrategie (siehe Kreis), die von mehr Abverk\u00e4ufen bis hin zu Promotion-Aktionen am PoS (Point of Sale) f\u00fchren kann.<\/p><p>[\/et_pb_text][et_pb_image src=\"https:\/\/brandplace.de\/wp-content\/uploads\/2022\/05\/360-diagramm_neu.jpg\" title_text=\"360-diagramm_neu\" _builder_version=\"4.17.4\" _module_preset=\"default\" global_colors_info=\"{}\"][\/et_pb_image][et_pb_text _builder_version=\"4.17.4\" _module_preset=\"default\" header_3_font=\"Open Sans||||||||\" header_3_line_height=\"1.4em\" hover_enabled=\"0\" global_colors_info=\"{}\" sticky_enabled=\"0\"]<\/p><p>In Gespr\u00e4chsrunden mit allen beteiligten Partnern setzen wir die gew\u00fcnschten Ma\u00dfnahmen f\u00fcr Sie um. Wir sind pers\u00f6nlich vor Ort am Set f\u00fcr Fotoshootings oder bei der Premiere \u2013 auf Wunsch auch mit Ihnen gemeinsam, um dem Produkt bzw. dem Service die gr\u00f6\u00dftm\u00f6gliche Aufmerksamkeit zu sichern.<\/p><p>[\/et_pb_text][et_pb_text _builder_version=\"4.17.4\" _module_preset=\"default\" header_3_font=\"Open Sans||||||||\" header_3_line_height=\"1.4em\" hover_enabled=\"0\" global_colors_info=\"{}\" sticky_enabled=\"0\"]<\/p><h3>Was macht uns bei Cross Promotion besonders?<\/h3><p>Unser erfahrenes Team generiert Success Stories, die das gesamte Potential Ihrer Marke abbilden. Wir beobachten engmaschig den internationalen Markt (von der Berlinale \u00fcber Cannes und Hollywood bis Bollywood) und orientieren uns an den f\u00fchrenden Marketingans\u00e4tzen. Unser Netzwerk erweitert sich im t\u00e4glichen Arbeitsprozess. So k\u00f6nnen wir individuelle und innovative Konzepte mit den Content-Providern f\u00fcr Ihre Marke erarbeiten, von Making-Off-Videos bis hin zu Virtual-Reality-Content.<\/p><p>[\/et_pb_text][et_pb_text _builder_version=\"4.17.4\" _module_preset=\"default\" header_3_font=\"Open Sans||||||||\" header_3_line_height=\"1.4em\" global_colors_info=\"{}\"]<\/p><h3>Sie m\u00f6chten Ihre eigene Success Story schreiben?<\/h3><p>[\/et_pb_text][et_pb_button button_url=\"\/kontakt\/\" button_text=\"Kontaktieren Sie uns\" button_alignment=\"left\" _builder_version=\"4.17.4\" _module_preset=\"default\" custom_button=\"on\" button_text_size=\"14px\" button_text_color=\"#FFFFFF\" button_bg_color=\"#3fab44\" button_border_color=\"#3fab44\" button_border_radius=\"0px\" button_letter_spacing=\"0px\" button_font=\"Open Sans||||||||\" button_icon=\"$||divi||400\" background_layout=\"dark\" global_colors_info=\"{}\"][\/et_pb_button][\/et_pb_column][et_pb_column type=\"1_2\" _builder_version=\"4.17.4\" _module_preset=\"default\" global_colors_info=\"{}\"][et_pb_text _builder_version=\"4.17.4\" _module_preset=\"default\" header_font=\"Open Sans||||||||\" header_text_color=\"#FFFFFF\" header_2_font=\"Open Sans||||||||\" header_2_text_color=\"#FFFFFF\" header_2_line_height=\"1.4em\" header_2_font_size_tablet=\"\" header_2_font_size_phone=\"20px\" header_2_font_size_last_edited=\"on|phone\" global_colors_info=\"{}\"]<\/p><h2 class=\"headline\">Referenzprojekte<\/h2><p>[\/et_pb_text][et_pb_image src=\"https:\/\/brandplace.de\/wp-content\/uploads\/2022\/05\/cross-promotion-pandora.jpg\" title_text=\"cross-promotion-pandora\" url=\"\/digital-placment\/\" _builder_version=\"4.17.4\" _module_preset=\"default\" custom_margin=\"50px||||false|false\" global_colors_info=\"{}\"][\/et_pb_image][et_pb_text _builder_version=\"4.17.4\" _module_preset=\"default\" header_3_font=\"Open Sans||||||||\" header_3_line_height=\"1.4em\" hover_enabled=\"0\" global_colors_info=\"{}\" sticky_enabled=\"0\"]<\/p><h3>Das Perfekte Model \u2013 Platzierung von Pandora<\/h3><p>\u201eDas Perfekte Model\u201c integrierte die Schmuckmarke Pandora in ihre Sendung. Die Bracelet-Charms wurden als Bewertungssystem in emotionalen Momenten genutzt. Zus\u00e4tzlich gab es Cross Promotion Ma\u00dfnahmen wie Facebook-Posts, Social-Media Video Content und ein Gewinnspiel auf der Pandora-Website. Im Handel konnten Armband und Charms zeitgleich zur Ausstrahlung erworben werden.<\/p><p><em>\u201e(\u2026) das Product Placement konnte den Abverkauf der Charms um die H\u00e4lfte\u00a0 und den der Bracelets um mehr als das Doppelte steigern.\u201c<\/em><\/p><p><strong>Evelyn Wrobbel, Vice President Marketing Pandora<\/strong><\/p><p>[\/et_pb_text][et_pb_image src=\"https:\/\/brandplace.de\/wp-content\/uploads\/2022\/05\/cross-promotion-hanni-nanni.jpg\" title_text=\"cross-promotion-hanni-nanni\" url=\"\/digital-placment\/\" _builder_version=\"4.17.4\" _module_preset=\"default\" global_colors_info=\"{}\"][\/et_pb_image][et_pb_text _builder_version=\"4.17.4\" _module_preset=\"default\" header_3_font=\"Open Sans||||||||\" header_3_line_height=\"1.4em\" hover_enabled=\"0\" global_colors_info=\"{}\" sticky_enabled=\"0\"]<\/p><h3>Hanni und Nanni \u2013 Platzierung von Media Markt<\/h3><p>Media Markt platzierte ihre Brand im Kinofilm \u201eHanni und Nanni \u2013 Mehr als beste Freunde\u201c. Das Logo war an einer Litfa\u00dfs\u00e4ule und auf einem Paket zu sehen. Zum Product Placement gab es auch eine 360\u00b0 Cross Promotion mit einem Gewinnspiel, Family-VIP-Tickets f\u00fcr die Filmpremiere, einem Newsletter, einem Webtrailer und Social-Media-Posts der YouTuberin Faye Montana.<\/p><p><em>\u201eDie Product-Placement-Agentur f\u00fchrte mit uns erfolgreich ein Product Placement im Kinofilm \u201eHanni & Nanni \u2013 Mehr als beste Freunde\u201c durch. Durch die umgesetzten Kooperationskonzepte zu diesem Film, erhielt Media Markt vergn\u00fcglichen und relevanten Content f\u00fcr die Familienzielgruppe.\u201c<\/em><\/p><p><strong>Thomas Hesse, Head of Marketing Media Markt<\/strong><\/p><p>[\/et_pb_text][\/et_pb_column][\/et_pb_row][\/et_pb_section]<\/p>","_et_gb_content_width":"","inline_featured_image":false,"footnotes":""},"class_list":["post-868","page","type-page","status-publish","hentry"],"yoast_head":"<!-- This site is optimized with the Yoast SEO plugin v22.6 - https:\/\/yoast.com\/wordpress\/plugins\/seo\/ -->\n<title>Cross Promotion \u00bb Brandplace - we place your brand!<\/title>\n<meta name=\"description\" content=\"With cross promotion, we place your brand on all screens. From making-off videos \u2714 to virtual reality content \u2794 your success story.\" \/>\n<meta name=\"robots\" content=\"index, follow, max-snippet:-1, max-image-preview:large, max-video-preview:-1\" \/>\n<link rel=\"canonical\" href=\"https:\/\/brandplace.de\/en\/cross-promotion\/\" \/>\n<meta property=\"og:locale\" content=\"en_US\" \/>\n<meta property=\"og:type\" content=\"article\" \/>\n<meta property=\"og:title\" content=\"Cross Promotion \u00bb Brandplace - we place your brand!\" \/>\n<meta property=\"og:description\" content=\"With cross promotion, we place your brand on all screens. From making-off videos \u2714 to virtual reality content \u2794 your success story.\" \/>\n<meta property=\"og:url\" content=\"https:\/\/brandplace.de\/en\/cross-promotion\/\" \/>\n<meta property=\"og:site_name\" content=\"Brandplace\" \/>\n<meta property=\"article:modified_time\" content=\"2023-01-25T14:11:57+00:00\" \/>\n<meta name=\"twitter:card\" content=\"summary_large_image\" \/>\n<meta name=\"twitter:label1\" content=\"Est. reading time\" \/>\n\t<meta name=\"twitter:data1\" content=\"4 minutes\" \/>\n<script type=\"application\/ld+json\" class=\"yoast-schema-graph\">{\"@context\":\"https:\/\/schema.org\",\"@graph\":[{\"@type\":\"WebPage\",\"@id\":\"https:\/\/brandplace.de\/en\/cross-promotion\/\",\"url\":\"https:\/\/brandplace.de\/en\/cross-promotion\/\",\"name\":\"Cross Promotion \u00bb Brandplace - we place your brand!\",\"isPartOf\":{\"@id\":\"https:\/\/brandplace.de\/#website\"},\"datePublished\":\"2022-06-10T10:51:35+00:00\",\"dateModified\":\"2023-01-25T14:11:57+00:00\",\"description\":\"With cross promotion, we place your brand on all screens. From making-off videos \u2714 to virtual reality content \u2794 your success story.\",\"breadcrumb\":{\"@id\":\"https:\/\/brandplace.de\/en\/cross-promotion\/#breadcrumb\"},\"inLanguage\":\"en-US\",\"potentialAction\":[{\"@type\":\"ReadAction\",\"target\":[\"https:\/\/brandplace.de\/en\/cross-promotion\/\"]}]},{\"@type\":\"BreadcrumbList\",\"@id\":\"https:\/\/brandplace.de\/en\/cross-promotion\/#breadcrumb\",\"itemListElement\":[{\"@type\":\"ListItem\",\"position\":1,\"name\":\"Startseite\",\"item\":\"https:\/\/brandplace.de\/en\/\"},{\"@type\":\"ListItem\",\"position\":2,\"name\":\"Cross Promotion\"}]},{\"@type\":\"WebSite\",\"@id\":\"https:\/\/brandplace.de\/#website\",\"url\":\"https:\/\/brandplace.de\/\",\"name\":\"Brandplace\",\"description\":\"Wir emotionalisieren wir Ihre Marke auf allen Screens\",\"potentialAction\":[{\"@type\":\"SearchAction\",\"target\":{\"@type\":\"EntryPoint\",\"urlTemplate\":\"https:\/\/brandplace.de\/?s={search_term_string}\"},\"query-input\":\"required name=search_term_string\"}],\"inLanguage\":\"en-US\"}]}<\/script>\n<!-- \/ Yoast SEO plugin. -->","yoast_head_json":{"title":"Cross Promotion \u00bb Brandplace - we place your brand!","description":"With cross promotion, we place your brand on all screens. From making-off videos \u2714 to virtual reality content \u2794 your success story.","robots":{"index":"index","follow":"follow","max-snippet":"max-snippet:-1","max-image-preview":"max-image-preview:large","max-video-preview":"max-video-preview:-1"},"canonical":"https:\/\/brandplace.de\/en\/cross-promotion\/","og_locale":"en_US","og_type":"article","og_title":"Cross Promotion \u00bb Brandplace - we place your brand!","og_description":"With cross promotion, we place your brand on all screens. From making-off videos \u2714 to virtual reality content \u2794 your success story.","og_url":"https:\/\/brandplace.de\/en\/cross-promotion\/","og_site_name":"Brandplace","article_modified_time":"2023-01-25T14:11:57+00:00","twitter_card":"summary_large_image","twitter_misc":{"Est. reading time":"4 minutes"},"schema":{"@context":"https:\/\/schema.org","@graph":[{"@type":"WebPage","@id":"https:\/\/brandplace.de\/en\/cross-promotion\/","url":"https:\/\/brandplace.de\/en\/cross-promotion\/","name":"Cross Promotion \u00bb Brandplace - we place your brand!","isPartOf":{"@id":"https:\/\/brandplace.de\/#website"},"datePublished":"2022-06-10T10:51:35+00:00","dateModified":"2023-01-25T14:11:57+00:00","description":"With cross promotion, we place your brand on all screens. From making-off videos \u2714 to virtual reality content \u2794 your success story.","breadcrumb":{"@id":"https:\/\/brandplace.de\/en\/cross-promotion\/#breadcrumb"},"inLanguage":"en-US","potentialAction":[{"@type":"ReadAction","target":["https:\/\/brandplace.de\/en\/cross-promotion\/"]}]},{"@type":"BreadcrumbList","@id":"https:\/\/brandplace.de\/en\/cross-promotion\/#breadcrumb","itemListElement":[{"@type":"ListItem","position":1,"name":"Startseite","item":"https:\/\/brandplace.de\/en\/"},{"@type":"ListItem","position":2,"name":"Cross Promotion"}]},{"@type":"WebSite","@id":"https:\/\/brandplace.de\/#website","url":"https:\/\/brandplace.de\/","name":"Brandplace","description":"Wir emotionalisieren wir Ihre Marke auf allen Screens","potentialAction":[{"@type":"SearchAction","target":{"@type":"EntryPoint","urlTemplate":"https:\/\/brandplace.de\/?s={search_term_string}"},"query-input":"required name=search_term_string"}],"inLanguage":"en-US"}]}},"_links":{"self":[{"href":"https:\/\/brandplace.de\/en\/wp-json\/wp\/v2\/pages\/868","targetHints":{"allow":["GET"]}}],"collection":[{"href":"https:\/\/brandplace.de\/en\/wp-json\/wp\/v2\/pages"}],"about":[{"href":"https:\/\/brandplace.de\/en\/wp-json\/wp\/v2\/types\/page"}],"author":[{"embeddable":true,"href":"https:\/\/brandplace.de\/en\/wp-json\/wp\/v2\/users\/1"}],"replies":[{"embeddable":true,"href":"https:\/\/brandplace.de\/en\/wp-json\/wp\/v2\/comments?post=868"}],"version-history":[{"count":6,"href":"https:\/\/brandplace.de\/en\/wp-json\/wp\/v2\/pages\/868\/revisions"}],"predecessor-version":[{"id":1072,"href":"https:\/\/brandplace.de\/en\/wp-json\/wp\/v2\/pages\/868\/revisions\/1072"}],"wp:attachment":[{"href":"https:\/\/brandplace.de\/en\/wp-json\/wp\/v2\/media?parent=868"}],"curies":[{"name":"wp","href":"https:\/\/api.w.org\/{rel}","templated":true}]}}