{"id":853,"date":"2022-05-24T12:11:41","date_gmt":"2022-05-24T12:11:41","guid":{"rendered":"https:\/\/brandplace.de\/?page_id=853"},"modified":"2023-01-25T14:21:54","modified_gmt":"2023-01-25T14:21:54","slug":"product-placement","status":"publish","type":"page","link":"https:\/\/brandplace.de\/en\/product-placement\/","title":{"rendered":"Product Placement"},"content":{"rendered":"<p>[et_pb_section fb_built=&#8221;1&#8243; fullwidth=&#8221;on&#8221; _builder_version=&#8221;4.16&#8243; _module_preset=&#8221;default&#8221; global_colors_info=&#8221;{}&#8221;][et_pb_fullwidth_image src=&#8221;https:\/\/brandplace.de\/wp-content\/uploads\/2023\/01\/brandplace-mediagentur_top-min.jpg&#8221; alt=&#8221;Brandplace Mediaagentur&#8221; title_text=&#8221;brandplace-mediagentur_top-min&#8221; _builder_version=&#8221;4.19.4&#8243; _module_preset=&#8221;default&#8221; hover_enabled=&#8221;0&#8243; global_colors_info=&#8221;{}&#8221; sticky_enabled=&#8221;0&#8243;][\/et_pb_fullwidth_image][\/et_pb_section][et_pb_section fb_built=&#8221;1&#8243; _builder_version=&#8221;4.17.4&#8243; _module_preset=&#8221;default&#8221; global_colors_info=&#8221;{}&#8221;][et_pb_row column_structure=&#8221;1_2,1_2&#8243; _builder_version=&#8221;4.17.4&#8243; _module_preset=&#8221;default&#8221; global_colors_info=&#8221;{}&#8221;][et_pb_column type=&#8221;1_2&#8243; _builder_version=&#8221;4.17.4&#8243; _module_preset=&#8221;default&#8221; global_colors_info=&#8221;{}&#8221;][et_pb_text _builder_version=&#8221;4.18.0&#8243; _module_preset=&#8221;default&#8221; header_font=&#8221;Open Sans||||||||&#8221; header_text_color=&#8221;#FFFFFF&#8221; header_font_size=&#8221;26px&#8221; header_line_height=&#8221;1.4em&#8221; header_font_size_tablet=&#8221;26px&#8221; header_font_size_phone=&#8221;20px&#8221; header_font_size_last_edited=&#8221;on|phone&#8221; global_colors_info=&#8221;{}&#8221;]<\/p>\n<h1 class=\"headline\">Product Placement<\/h1>\n<p>[\/et_pb_text][et_pb_text _builder_version=&#8221;4.18.0&#8243; _module_preset=&#8221;default&#8221; header_3_font=&#8221;Open Sans||||||||&#8221; header_3_line_height=&#8221;1.4em&#8221; global_colors_info=&#8221;{}&#8221;]<\/p>\n<h3>What is product placement?<\/h3>\n<p>Product placement refers to the specific placement of a brand&#8217;s products in TV, cinema or video-on-demand (VoD) productions. The product should be clearly visible to the viewer and integrated into the story in a positive context &#8211; in compliance with all legal regulations. This form of advertising already achieves a high advertising impact with the use of manageable resources and increases the customers&#8217; willingness to buy.<\/p>\n<p>[\/et_pb_text][et_pb_text _builder_version=&#8221;4.18.0&#8243; _module_preset=&#8221;default&#8221; header_3_font=&#8221;Open Sans||||||||&#8221; header_3_line_height=&#8221;1.4em&#8221; global_colors_info=&#8221;{}&#8221;]<\/p>\n<h3>How do we proceed in product placement?<\/h3>\n<p>Brandplace is constantly in contact with production companies, TV stations and streaming platforms. They get in touch with us with exciting content and are looking for brand partners. In dialogue with you, we find the &#8220;perfect match&#8221; according to your ideas and needs. Format, story and brand must fit together in terms of message and value. Sometimes this works best by equipping an actor, sometimes by anchoring an action in the story. We always keep the legal and contractual circumstances in mind.<\/p>\n<p>An authentic integration requires a carefully selected research of partners, scripts and storyboards. We establish a common understanding among all parties for the core and essence of the story and the brand and product communication. In this way, the integration of your brand becomes a credible experience for the viewer. We document the success in the form of detailed reportings with reach and media equivalent value &#8211; this is the value that your placement achieves and is calculated on the basis of audience quotes as well as advertising time rates.<\/p>\n<p>[\/et_pb_text][et_pb_text _builder_version=&#8221;4.18.0&#8243; _module_preset=&#8221;default&#8221; header_3_font=&#8221;Open Sans||||||||&#8221; header_3_line_height=&#8221;1.4em&#8221; global_colors_info=&#8221;{}&#8221;]<\/p>\n<h3>What is it that makes us special when it comes to product placement?<\/h3>\n<p>We have been performing product placements for more than 20 years and have a large network of national and international TV and film productions, cinema, streaming series and shows. Each of our media partner &#8211; film productions, TV channels or streaming platforms such as Netflix, Amazon &amp; Co &#8211; has its own access to its users. We develop a custom-fit solution with all parties, based on media, target group and budget analyses. This leads to new placement paths for your brand and we accompany you from the first conversation through the entire production period and implementation of the integration to the red carpet at the premiere event! We also have special know-how in the area of <a title=\"Digital Product Placement\" href=\"\/digital-product-placement\/\">digital placement<\/a>, whereby your product is digitally integrated after the end of filming.<\/p>\n<p>[\/et_pb_text][et_pb_text _builder_version=&#8221;4.18.0&#8243; _module_preset=&#8221;default&#8221; header_3_font=&#8221;Open Sans||||||||&#8221; header_3_line_height=&#8221;1.4em&#8221; global_colors_info=&#8221;{}&#8221;]<\/p>\n<h3>You want to place your brand?<\/h3>\n<p>[\/et_pb_text][et_pb_button button_url=&#8221;\/en\/contact\/&#8221; button_text=&#8221;Contact us&#8221; button_alignment=&#8221;left&#8221; _builder_version=&#8221;4.18.0&#8243; _module_preset=&#8221;default&#8221; custom_button=&#8221;on&#8221; button_text_size=&#8221;14px&#8221; button_text_color=&#8221;#FFFFFF&#8221; button_bg_color=&#8221;#3fab44&#8243; button_border_color=&#8221;#3fab44&#8243; button_border_radius=&#8221;0px&#8221; button_letter_spacing=&#8221;0px&#8221; button_font=&#8221;Open Sans||||||||&#8221; button_icon=&#8221;&#x24;||divi||400&#8243; background_layout=&#8221;dark&#8221; global_colors_info=&#8221;{}&#8221;][\/et_pb_button][\/et_pb_column][et_pb_column type=&#8221;1_2&#8243; _builder_version=&#8221;4.17.4&#8243; _module_preset=&#8221;default&#8221; global_colors_info=&#8221;{}&#8221;][et_pb_text _builder_version=&#8221;4.18.0&#8243; _module_preset=&#8221;default&#8221; header_font=&#8221;Open Sans||||||||&#8221; header_text_color=&#8221;#FFFFFF&#8221; header_2_font=&#8221;Open Sans||||||||&#8221; header_2_text_color=&#8221;#FFFFFF&#8221; header_2_line_height=&#8221;1.4em&#8221; header_2_font_size_tablet=&#8221;&#8221; header_2_font_size_phone=&#8221;20px&#8221; header_2_font_size_last_edited=&#8221;on|phone&#8221; global_colors_info=&#8221;{}&#8221;]<\/p>\n<h2 class=\"headline\">References<\/h2>\n<p>[\/et_pb_text][et_pb_image src=&#8221;https:\/\/brandplace.de\/wp-content\/uploads\/2022\/05\/product-placement-kinofilm-nightlife.jpg&#8221; title_text=&#8221;product-placement-kinofilm-nightlife&#8221; url=&#8221;\/product-placement\/&#8221; _builder_version=&#8221;4.17.4&#8243; _module_preset=&#8221;default&#8221; custom_margin=&#8221;50px||||false|false&#8221; global_colors_info=&#8221;{}&#8221;][\/et_pb_image][et_pb_text _builder_version=&#8221;4.18.0&#8243; _module_preset=&#8221;default&#8221; header_3_font=&#8221;Open Sans||||||||&#8221; header_3_line_height=&#8221;1.4em&#8221; global_colors_info=&#8221;{}&#8221;]<\/p>\n<h3>Movie Nightlife &#8211; Placement of the Volkswagen e-up!<\/h3>\n<p>In the cinema film Nightlife, Elyas M&#8217;Barek and Frederick Lau drive around Berlin and the region in the Volkswagen e-up! as a fictional car-sharing vehicle.<\/p>\n<p><em>\u201eThe up! is the modern Beetle, so to speak, the modern Herbie. It&#8217;s such a good picture &#8211; our heroes defeating gangsters in a charming little pink up! That&#8217;s comedy!\u201c<\/em><\/p>\n<p><strong>Production Nightlife<\/strong><\/p>\n<p>[\/et_pb_text][et_pb_image src=&#8221;https:\/\/brandplace.de\/wp-content\/uploads\/2022\/05\/product-placement-uber.jpg&#8221; title_text=&#8221;product-placement-uber&#8221; url=&#8221;\/digital-placment\/&#8221; _builder_version=&#8221;4.17.4&#8243; _module_preset=&#8221;default&#8221; global_colors_info=&#8221;{}&#8221;][\/et_pb_image][et_pb_text _builder_version=&#8221;4.18.0&#8243; _module_preset=&#8221;default&#8221; header_3_font=&#8221;Open Sans||||||||&#8221; header_3_line_height=&#8221;1.4em&#8221; global_colors_info=&#8221;{}&#8221;]<\/p>\n<h3>Out of the Diary of an Uber Driver &#8211; Placement of the Volkswagen Touran.<\/h3>\n<p>In the Joyn series From the Diary of an Uber Driver, Kostja Uhlmann drives around Hamburg in a Volkswagen Touran, helping his passengers with problems and working on his own problems.<\/p>\n<p><em>\u201eAbout a third of the filming time we were on the camera trailer with the car. And because I wanted to be with the actors and not in the towing vehicle, it meant for me: luggage compartment. For ten days. On a yoga foam mat. With my legs folded, two screens in my hands and a water bottle next to me. That was exhausting. But also very beautiful. Now and then you can hear me laughing in the footage because the comedic acting was excellent &#8211; or coughing because the air got dry again. So not to confuse the audience (the ghost in the luggage compartment), we cut both out.\u201c<\/em><\/p>\n<p><strong>Julian P\u00f6rksen, director<br \/><\/strong><\/p>\n<p>[\/et_pb_text][et_pb_video src=&#8221;https:\/\/youtu.be\/dpsxUKrZfqw&#8221; _builder_version=&#8221;4.17.4&#8243; _module_preset=&#8221;default&#8221; global_colors_info=&#8221;{}&#8221;][\/et_pb_video][et_pb_text _builder_version=&#8221;4.18.0&#8243; _module_preset=&#8221;default&#8221; header_3_font=&#8221;Open Sans||||||||&#8221; header_3_line_height=&#8221;1.4em&#8221; global_colors_info=&#8221;{}&#8221;]<\/p>\n<h3>Essence in the music video Hellwach by Namika<\/h3>\n<p>Essence products were placed in the music video &#8220;Hellwach&#8221; by Namika. Namika and her girls don&#8217;t want to go home after a night of partying and are going out in town, always taking Essence products with them to look their best even after a night of dancing.<\/p>\n<p>[\/et_pb_text][\/et_pb_column][\/et_pb_row][\/et_pb_section]<\/p>\n","protected":false},"excerpt":{"rendered":"<p>Product PlacementWhat is product placement? Product placement refers to the specific placement of a brand&#8217;s products in TV, cinema or video-on-demand (VoD) productions. The product should be clearly visible to the viewer and integrated into the story in a positive context &#8211; in compliance with all legal regulations. This form of advertising already achieves a [&hellip;]<\/p>\n","protected":false},"author":1,"featured_media":0,"parent":0,"menu_order":0,"comment_status":"closed","ping_status":"closed","template":"","meta":{"_et_pb_use_builder":"on","_et_pb_old_content":"<p>[et_pb_section fb_built=\"1\" fullwidth=\"on\" _builder_version=\"4.16\" _module_preset=\"default\" global_colors_info=\"{}\"][et_pb_fullwidth_image src=\"https:\/\/brandplace.de\/wp-content\/uploads\/2022\/06\/topheader-brandplace-sub-min.jpg\" alt=\"brandplace Mediaagentur\" title_text=\"brandplace Mediaagentur\" _builder_version=\"4.17.4\" _module_preset=\"default\" global_colors_info=\"{}\"][\/et_pb_fullwidth_image][\/et_pb_section][et_pb_section fb_built=\"1\" _builder_version=\"4.17.4\" _module_preset=\"default\" global_colors_info=\"{}\"][et_pb_row column_structure=\"1_2,1_2\" _builder_version=\"4.17.4\" _module_preset=\"default\" global_colors_info=\"{}\"][et_pb_column type=\"1_2\" _builder_version=\"4.17.4\" _module_preset=\"default\" global_colors_info=\"{}\"][et_pb_text _builder_version=\"4.17.4\" _module_preset=\"default\" header_font=\"Open Sans||||||||\" header_text_color=\"#FFFFFF\" header_font_size=\"26px\" header_line_height=\"1.4em\" header_font_size_tablet=\"26px\" header_font_size_phone=\"20px\" header_font_size_last_edited=\"on|phone\" global_colors_info=\"{}\"]<\/p><h1 class=\"headline\">Product Placement<\/h1><p>[\/et_pb_text][et_pb_text _builder_version=\"4.17.4\" _module_preset=\"default\" header_3_font=\"Open Sans||||||||\" header_3_line_height=\"1.4em\" global_colors_info=\"{}\"]<\/p><h3>Was ist Product Placement?<\/h3><p>Product Placement bezeichnet die gezielte Platzierung von Produkten einer Marke in TV, Kino oder Video-on-Demand-Produktionen (VoD). Dabei soll das Produkt f\u00fcr den Zuschauer gut sichtbar und in einem positiven Kontext in die Story eingef\u00fcgt werden \u2013 unter Einhaltung aller gesetzlichen Regelungen. Diese Form der Werbung erreicht bei Einsatz \u00fcberschaubarer Mittel bereits eine hohe Werbewirkung und erh\u00f6ht die Kaufbereitschaft der Kund:innen.<\/p><p>[\/et_pb_text][et_pb_text _builder_version=\"4.17.4\" _module_preset=\"default\" header_3_font=\"Open Sans||||||||\" header_3_line_height=\"1.4em\" global_colors_info=\"{}\"]<\/p><h3>Wie gehen wir beim Product Placement vor?<\/h3><p>Brandplace steht st\u00e4ndig in Kontakt mit Produktionsfirmen, TV-Sendern und Streaming-Plattformen. Diese treten mit spannendem Content an uns heran und suchen Markenpartner. Im Dialog mit Ihnen finden wir das \u201ePerfect Match\u201c entsprechend Ihren Vorstellungen und Bed\u00fcrfnissen. Format, Geschichte und Marke m\u00fcssen in Aussage und Wert zueinander passen. Mal funktioniert dies am besten \u00fcber die Ausstattung eines Darstellers, mal mit Verankerung einer Aktion in der Story. Dabei haben wir immer die rechtlichen und vertraglichen Gegebenheiten im Blick.<\/p><p>Eine authentische Integration bedarf einer ausgew\u00e4hlten Recherche von Partnern, Drehb\u00fcchern und Storyboards. Wir stellen bei allen Parteien ein gemeinsames Verst\u00e4ndnis f\u00fcr den Kern und das Wesen der Geschichte und der Marken- und Produktkommunikation her. So wird die Integration Ihrer Marke f\u00fcr den Zuschauer zu einem glaubw\u00fcrdigen Erlebnis. Den Erfolg dokumentieren wir in Form eines ausf\u00fchrlichen Reportings mit Reichweite und Media\u00e4quivalenzwert \u2013 dies ist der Wert, den Ihr Placement erzielt und der auf Basis der Zuschauerzahlen sowie der Werbezeitenpreise berechnet wird.<\/p><p>[\/et_pb_text][et_pb_text _builder_version=\"4.17.4\" _module_preset=\"default\" header_3_font=\"Open Sans||||||||\" header_3_line_height=\"1.4em\" global_colors_info=\"{}\"]<\/p><h3>Was macht uns beim Product Placement besonders?<\/h3><p>Wir f\u00fchren seit mehr als 20 Jahren Product Placements durch und verf\u00fcgen \u00fcber ein gro\u00dfes Netzwerk aus nationalen und internationalen TV- und Filmproduktionen, Kino, Streaming-Serien und Shows. Jeder unserer Medienpartner \u2013 Filmproduktionen, TV-Sender oder Streaming-Plattformen wie Netflix, Amazon & Co. \u2013 hat einen eigenen Zugang zu seinen Nutzern. Wir erarbeiten mit allen Parteien eine passgenaue L\u00f6sung, aufbauend auf Medien-, Zielgruppen- und Budget-Analysen. So ergeben sich neue Platzierungswege f\u00fcr Ihre Marke und wir begleiten Sie vom ersten Gespr\u00e4ch \u00fcber die gesamte Produktionszeit und Umsetzung der Integration bis auf den roten Teppich bei der Premierenveranstaltung! Besonderes Know-how haben wir auch im Bereich <a title=\"Digital Product Placement\" href=\"\/digital-product-placement\/\">Digital Placement<\/a>, wobei Ihr Produkt nach Drehschluss digital eingebunden wird.<\/p><p>[\/et_pb_text][et_pb_text _builder_version=\"4.17.4\" _module_preset=\"default\" header_3_font=\"Open Sans||||||||\" header_3_line_height=\"1.4em\" global_colors_info=\"{}\"]<\/p><h3>Sie m\u00f6chten Ihre Marke platzieren?<\/h3><p>[\/et_pb_text][et_pb_button button_url=\"\/kontakt\/\" button_text=\"Kontaktieren Sie uns\" button_alignment=\"left\" _builder_version=\"4.17.4\" _module_preset=\"default\" custom_button=\"on\" button_text_size=\"14px\" button_text_color=\"#FFFFFF\" button_bg_color=\"#3fab44\" button_border_color=\"#3fab44\" button_border_radius=\"0px\" button_letter_spacing=\"0px\" button_font=\"Open Sans||||||||\" button_icon=\"$||divi||400\" background_layout=\"dark\" global_colors_info=\"{}\"][\/et_pb_button][\/et_pb_column][et_pb_column type=\"1_2\" _builder_version=\"4.17.4\" _module_preset=\"default\" global_colors_info=\"{}\"][et_pb_text _builder_version=\"4.17.4\" _module_preset=\"default\" header_font=\"Open Sans||||||||\" header_text_color=\"#FFFFFF\" header_2_font=\"Open Sans||||||||\" header_2_text_color=\"#FFFFFF\" header_2_line_height=\"1.4em\" header_2_font_size_tablet=\"\" header_2_font_size_phone=\"20px\" header_2_font_size_last_edited=\"on|phone\" global_colors_info=\"{}\"]<\/p><h2 class=\"headline\">Referenzprojekte<\/h2><p>[\/et_pb_text][et_pb_image src=\"https:\/\/brandplace.de\/wp-content\/uploads\/2022\/05\/product-placement-kinofilm-nightlife.jpg\" title_text=\"product-placement-kinofilm-nightlife\" url=\"\/product-placement\/\" _builder_version=\"4.17.4\" _module_preset=\"default\" custom_margin=\"50px||||false|false\" global_colors_info=\"{}\"][\/et_pb_image][et_pb_text _builder_version=\"4.17.4\" _module_preset=\"default\" header_3_font=\"Open Sans||||||||\" header_3_line_height=\"1.4em\" hover_enabled=\"0\" global_colors_info=\"{}\" sticky_enabled=\"0\"]<\/p><h3>Kinofilm Nightlife - Platzierung des e-up! von Volkswagen<\/h3><p>Im Kinofilm Nightlife fahren Elyas M\u2018Barek und Frederick Lau mit dem Volkswagen e-up! als fiktives Carsharing durch Berlin und Umgebung.<\/p><p><em>\u201eDer up! ist sozusagen der moderne K\u00e4fer, der moderne Herbie. Es ist so ein gutes Bild \u2013 unsere Helden besiegen in einem kleinen charmanten rosa up! die Gangster! Das ist Kom\u00f6die!\u201c<\/em><\/p><p><strong>Produktion Nightlife<\/strong><br \/>[\/et_pb_text][et_pb_image src=\"https:\/\/brandplace.de\/wp-content\/uploads\/2022\/05\/product-placement-uber.jpg\" title_text=\"product-placement-uber\" url=\"\/digital-placment\/\" _builder_version=\"4.17.4\" _module_preset=\"default\" global_colors_info=\"{}\"][\/et_pb_image][et_pb_text _builder_version=\"4.17.4\" _module_preset=\"default\" header_3_font=\"Open Sans||||||||\" header_3_line_height=\"1.4em\" hover_enabled=\"0\" global_colors_info=\"{}\" sticky_enabled=\"0\"]<\/p><h3>Aus dem Tagebuch eines Uberfahrers \u2013 Platzierung des Touran von Volkswagen<\/h3><p>In der Joyn Serie \u201eAus dem Tagebuch eines Uberfahrers\u201c f\u00e4hrt Kostja Uhlmann mit dem Volkswagen Touran durch Hamburg, hilft seinen Fahrg\u00e4sten bei Problemen und arbeitet an seinen eigenen Problemen.<\/p><p><em>\u201eUngef\u00e4hr ein Drittel der Drehzeit waren wir mit dem Auto auf dem Kamera-Anh\u00e4nger. Und weil ich bei den Schauspieler:innen sein wollte und nicht im Zugfahrzeug, hie\u00df das f\u00fcr mich: Kofferraum. Zehn Tage lang. Auf einer Yoga-Schaumstoffmatte. Mit eingeklappten Beinen, zwei Bildschirmen in der Hand und einer Wasserflasche neben mir. Das war anstrengend. Aber auch sehr sch\u00f6n. Ab und zu h\u00f6rt man mich im Filmmaterial lachen, weil das kom\u00f6diantische Schauspiel exzellent war \u2013 oder husten, weil die Luft mal wieder trocken geworden ist. Um die Zuschauer nicht zu verwirren (der Geist im Kofferraum), haben wir beides herausgeschnitten.\u201c<\/em><\/p><p><strong>Julian P\u00f6rksen, Regisseur<\/strong><br \/>[\/et_pb_text][et_pb_video src=\"https:\/\/youtu.be\/dpsxUKrZfqw\" _builder_version=\"4.17.4\" _module_preset=\"default\" global_colors_info=\"{}\"][\/et_pb_video][et_pb_text _builder_version=\"4.17.4\" _module_preset=\"default\" header_3_font=\"Open Sans||||||||\" header_3_line_height=\"1.4em\" global_colors_info=\"{}\"]<\/p><h3>Essence im Musikvideo Hellwach von Namika<\/h3><p>In dem Musikvideo \u201eHellwach\u201c von Namika wurden Essence Produkte platziert. Namika und ihre Girls wollen nach einer Partynacht noch nicht nach Hause gehen und sind in der Stadt unterwegs \u2013 die Essence Produkte immer dabei, um auch nach einer durchtanzten Nacht noch top auszusehen.<br \/>[\/et_pb_text][\/et_pb_column][\/et_pb_row][\/et_pb_section]<\/p>","_et_gb_content_width":"","inline_featured_image":false,"footnotes":""},"class_list":["post-853","page","type-page","status-publish","hentry"],"yoast_head":"<!-- This site is optimized with the Yoast SEO plugin v22.6 - https:\/\/yoast.com\/wordpress\/plugins\/seo\/ -->\n<title>Product Placement with Brandplace \u00bb we stage your product<\/title>\n<meta name=\"description\" content=\"Product Placement: We successfully place your brand in TV \u2714 Cinema \u2714 Video-on-Demand productions (VoD) \u2714 Streaming series \u2714 and shows \u2794 Info.\" \/>\n<meta name=\"robots\" content=\"index, follow, max-snippet:-1, max-image-preview:large, max-video-preview:-1\" \/>\n<link rel=\"canonical\" href=\"https:\/\/brandplace.de\/en\/product-placement\/\" \/>\n<meta property=\"og:locale\" content=\"en_US\" \/>\n<meta property=\"og:type\" content=\"article\" \/>\n<meta property=\"og:title\" content=\"Product Placement with Brandplace \u00bb we stage your product\" \/>\n<meta property=\"og:description\" content=\"Product Placement: We successfully place your brand in TV \u2714 Cinema \u2714 Video-on-Demand productions (VoD) \u2714 Streaming series \u2714 and shows \u2794 Info.\" \/>\n<meta property=\"og:url\" content=\"https:\/\/brandplace.de\/en\/product-placement\/\" \/>\n<meta property=\"og:site_name\" content=\"Brandplace\" \/>\n<meta property=\"article:modified_time\" content=\"2023-01-25T14:21:54+00:00\" \/>\n<meta name=\"twitter:card\" content=\"summary_large_image\" \/>\n<meta name=\"twitter:label1\" content=\"Est. reading time\" \/>\n\t<meta name=\"twitter:data1\" content=\"5 minutes\" \/>\n<script type=\"application\/ld+json\" class=\"yoast-schema-graph\">{\"@context\":\"https:\/\/schema.org\",\"@graph\":[{\"@type\":\"WebPage\",\"@id\":\"https:\/\/brandplace.de\/en\/product-placement\/\",\"url\":\"https:\/\/brandplace.de\/en\/product-placement\/\",\"name\":\"Product Placement with Brandplace \u00bb we stage your product\",\"isPartOf\":{\"@id\":\"https:\/\/brandplace.de\/#website\"},\"datePublished\":\"2022-05-24T12:11:41+00:00\",\"dateModified\":\"2023-01-25T14:21:54+00:00\",\"description\":\"Product Placement: We successfully place your brand in TV \u2714 Cinema \u2714 Video-on-Demand productions (VoD) \u2714 Streaming series \u2714 and shows \u2794 Info.\",\"breadcrumb\":{\"@id\":\"https:\/\/brandplace.de\/en\/product-placement\/#breadcrumb\"},\"inLanguage\":\"en-US\",\"potentialAction\":[{\"@type\":\"ReadAction\",\"target\":[\"https:\/\/brandplace.de\/en\/product-placement\/\"]}]},{\"@type\":\"BreadcrumbList\",\"@id\":\"https:\/\/brandplace.de\/en\/product-placement\/#breadcrumb\",\"itemListElement\":[{\"@type\":\"ListItem\",\"position\":1,\"name\":\"Startseite\",\"item\":\"https:\/\/brandplace.de\/en\/\"},{\"@type\":\"ListItem\",\"position\":2,\"name\":\"Product Placement\"}]},{\"@type\":\"WebSite\",\"@id\":\"https:\/\/brandplace.de\/#website\",\"url\":\"https:\/\/brandplace.de\/\",\"name\":\"Brandplace\",\"description\":\"Wir emotionalisieren wir Ihre Marke auf allen Screens\",\"potentialAction\":[{\"@type\":\"SearchAction\",\"target\":{\"@type\":\"EntryPoint\",\"urlTemplate\":\"https:\/\/brandplace.de\/?s={search_term_string}\"},\"query-input\":\"required name=search_term_string\"}],\"inLanguage\":\"en-US\"}]}<\/script>\n<!-- \/ Yoast SEO plugin. -->","yoast_head_json":{"title":"Product Placement with Brandplace \u00bb we stage your product","description":"Product Placement: We successfully place your brand in TV \u2714 Cinema \u2714 Video-on-Demand productions (VoD) \u2714 Streaming series \u2714 and shows \u2794 Info.","robots":{"index":"index","follow":"follow","max-snippet":"max-snippet:-1","max-image-preview":"max-image-preview:large","max-video-preview":"max-video-preview:-1"},"canonical":"https:\/\/brandplace.de\/en\/product-placement\/","og_locale":"en_US","og_type":"article","og_title":"Product Placement with Brandplace \u00bb we stage your product","og_description":"Product Placement: We successfully place your brand in TV \u2714 Cinema \u2714 Video-on-Demand productions (VoD) \u2714 Streaming series \u2714 and shows \u2794 Info.","og_url":"https:\/\/brandplace.de\/en\/product-placement\/","og_site_name":"Brandplace","article_modified_time":"2023-01-25T14:21:54+00:00","twitter_card":"summary_large_image","twitter_misc":{"Est. reading time":"5 minutes"},"schema":{"@context":"https:\/\/schema.org","@graph":[{"@type":"WebPage","@id":"https:\/\/brandplace.de\/en\/product-placement\/","url":"https:\/\/brandplace.de\/en\/product-placement\/","name":"Product Placement with Brandplace \u00bb we stage your product","isPartOf":{"@id":"https:\/\/brandplace.de\/#website"},"datePublished":"2022-05-24T12:11:41+00:00","dateModified":"2023-01-25T14:21:54+00:00","description":"Product Placement: We successfully place your brand in TV \u2714 Cinema \u2714 Video-on-Demand productions (VoD) \u2714 Streaming series \u2714 and shows \u2794 Info.","breadcrumb":{"@id":"https:\/\/brandplace.de\/en\/product-placement\/#breadcrumb"},"inLanguage":"en-US","potentialAction":[{"@type":"ReadAction","target":["https:\/\/brandplace.de\/en\/product-placement\/"]}]},{"@type":"BreadcrumbList","@id":"https:\/\/brandplace.de\/en\/product-placement\/#breadcrumb","itemListElement":[{"@type":"ListItem","position":1,"name":"Startseite","item":"https:\/\/brandplace.de\/en\/"},{"@type":"ListItem","position":2,"name":"Product Placement"}]},{"@type":"WebSite","@id":"https:\/\/brandplace.de\/#website","url":"https:\/\/brandplace.de\/","name":"Brandplace","description":"Wir emotionalisieren wir Ihre Marke auf allen Screens","potentialAction":[{"@type":"SearchAction","target":{"@type":"EntryPoint","urlTemplate":"https:\/\/brandplace.de\/?s={search_term_string}"},"query-input":"required name=search_term_string"}],"inLanguage":"en-US"}]}},"_links":{"self":[{"href":"https:\/\/brandplace.de\/en\/wp-json\/wp\/v2\/pages\/853","targetHints":{"allow":["GET"]}}],"collection":[{"href":"https:\/\/brandplace.de\/en\/wp-json\/wp\/v2\/pages"}],"about":[{"href":"https:\/\/brandplace.de\/en\/wp-json\/wp\/v2\/types\/page"}],"author":[{"embeddable":true,"href":"https:\/\/brandplace.de\/en\/wp-json\/wp\/v2\/users\/1"}],"replies":[{"embeddable":true,"href":"https:\/\/brandplace.de\/en\/wp-json\/wp\/v2\/comments?post=853"}],"version-history":[{"count":6,"href":"https:\/\/brandplace.de\/en\/wp-json\/wp\/v2\/pages\/853\/revisions"}],"predecessor-version":[{"id":1082,"href":"https:\/\/brandplace.de\/en\/wp-json\/wp\/v2\/pages\/853\/revisions\/1082"}],"wp:attachment":[{"href":"https:\/\/brandplace.de\/en\/wp-json\/wp\/v2\/media?parent=853"}],"curies":[{"name":"wp","href":"https:\/\/api.w.org\/{rel}","templated":true}]}}